


{"id":15,"date":"2021-03-15T08:50:48","date_gmt":"2021-03-15T08:50:48","guid":{"rendered":"https:\/\/testniam.com\/es-us\/index.php\/cart\/"},"modified":"2026-02-04T14:16:55","modified_gmt":"2026-02-04T14:16:55","slug":"cart","status":"publish","type":"page","link":"https:\/\/laboratoriosniam.com\/pt\/cart\/","title":{"rendered":"Cart"},"content":{"rendered":"\n\n\n\n\t<div id=\"popup-promo-animafort-sleep\"\n\t     class=\"lightbox-by-id lightbox-content mfp-hide lightbox-white \"\n\t     style=\"max-width:900px ;padding:20px\">\n\t\t\t<section class=\"section dark\" id=\"section_1885726004\">\n\t\t<div class=\"bg section-bg fill bg-fill bg-loaded bg-loaded\" >\n\n\t\t\t\n\t\t\t\n\t\t\t\n\n\t\t<\/div>\n\n\t\t\n\n\t\t<div class=\"section-content relative\">\n\t\t\t\n\n<div class=\"row row-collapse align-middle align-center\"  id=\"row-218064187\">\n\n\n\t<div id=\"col-1229943100\" class=\"col hide-for-medium medium-4 small-6 large-4\"  >\n\t\t\t\t<div class=\"col-inner text-center\"  >\n\t\t\t\n\t\t\t\n\n\t<div class=\"img has-hover x md-x lg-x y md-y lg-y\" id=\"image_3273987\">\n\t\t\t\t\t\t\t\t<div class=\"img-inner dark\" >\n\t\t\t<img loading=\"lazy\" decoding=\"async\" width=\"600\" height=\"600\" src=\"https:\/\/laboratoriosniam.com\/pt\/wp-content\/uploads\/2026\/02\/Animafort-sleep-descanso-noturno.png\" class=\"attachment-large size-large\" alt=\"AnimaFort Sleep, suplemento para o descanso noturno\" srcset=\"https:\/\/laboratoriosniam.com\/pt\/wp-content\/uploads\/2026\/02\/Animafort-sleep-descanso-noturno.png 600w, https:\/\/laboratoriosniam.com\/pt\/wp-content\/uploads\/2026\/02\/Animafort-sleep-descanso-noturno-400x400.png 400w, https:\/\/laboratoriosniam.com\/pt\/wp-content\/uploads\/2026\/02\/Animafort-sleep-descanso-noturno-280x280.png 280w, https:\/\/laboratoriosniam.com\/pt\/wp-content\/uploads\/2026\/02\/Animafort-sleep-descanso-noturno-90x90.png 90w, https:\/\/laboratoriosniam.com\/pt\/wp-content\/uploads\/2026\/02\/Animafort-sleep-descanso-noturno-247x247.png 247w, https:\/\/laboratoriosniam.com\/pt\/wp-content\/uploads\/2026\/02\/Animafort-sleep-descanso-noturno-100x100.png 100w\" sizes=\"auto, (max-width: 600px) 100vw, 600px\" \/>\t\t\t\t\t\t\n\t\t\t\t\t<\/div>\n\t\t\t\t\t\t\t\t\n<style>\n#image_3273987 {\n  width: 100%;\n}\n<\/style>\n\t<\/div>\n\t\n\n\n\t\t<\/div>\n\t\t\t\t\n<style>\n#col-1229943100 > .col-inner {\n  padding: 0px 0px 0px 0px;\n  margin: 0 0px 0px 0px;\n}\n<\/style>\n\t<\/div>\n\n\t\n\n\t<div id=\"col-1996714353\" class=\"col medium-6 small-12 large-6\"  >\n\t\t\t\t<div class=\"col-inner text-center\"  >\n\t\t\t\n\t\t\t\n\n\t<div id=\"text-427476431\" class=\"text\">\n\t\t\n\n<p><span style=\"background-color: #024279; color:white; font-weight: bold; font-size:16px; padding: 5px 15px;\">Promo\u00e7\u00e3o saud\u00e1vel<\/span><\/p>\n\t\t\n<style>\n#text-427476431 {\n  text-align: center;\n}\n<\/style>\n\t<\/div>\n\t\n\t<div id=\"text-1435864926\" class=\"text\">\n\t\t\n\n<p><span style=\"font-weight: 600;color:#024279; font-size:35px;\">Durma melhor esta noite.<\/span><\/p>\n\n\t\t\n<style>\n#text-1435864926 {\n  line-height: 1.05;\n  text-align: center;\n}\n<\/style>\n\t<\/div>\n\t\n\t<div class=\"img has-hover show-for-medium x md-x lg-x y md-y lg-y\" id=\"image_545528207\">\n\t\t\t\t\t\t\t\t<div class=\"img-inner dark\" >\n\t\t\t<img loading=\"lazy\" decoding=\"async\" width=\"600\" height=\"600\" src=\"https:\/\/laboratoriosniam.com\/pt\/wp-content\/uploads\/2026\/02\/Animafort-sleep-descanso-noturno.png\" class=\"attachment-large size-large\" alt=\"AnimaFort Sleep, suplemento para o descanso noturno\" srcset=\"https:\/\/laboratoriosniam.com\/pt\/wp-content\/uploads\/2026\/02\/Animafort-sleep-descanso-noturno.png 600w, https:\/\/laboratoriosniam.com\/pt\/wp-content\/uploads\/2026\/02\/Animafort-sleep-descanso-noturno-400x400.png 400w, https:\/\/laboratoriosniam.com\/pt\/wp-content\/uploads\/2026\/02\/Animafort-sleep-descanso-noturno-280x280.png 280w, https:\/\/laboratoriosniam.com\/pt\/wp-content\/uploads\/2026\/02\/Animafort-sleep-descanso-noturno-90x90.png 90w, https:\/\/laboratoriosniam.com\/pt\/wp-content\/uploads\/2026\/02\/Animafort-sleep-descanso-noturno-247x247.png 247w, https:\/\/laboratoriosniam.com\/pt\/wp-content\/uploads\/2026\/02\/Animafort-sleep-descanso-noturno-100x100.png 100w\" sizes=\"auto, (max-width: 600px) 100vw, 600px\" \/>\t\t\t\t\t\t\n\t\t\t\t\t<\/div>\n\t\t\t\t\t\t\t\t\n<style>\n#image_545528207 {\n  width: 50%;\n}\n@media (min-width:550px) {\n  #image_545528207 {\n    width: 100%;\n  }\n}\n<\/style>\n\t<\/div>\n\t\n\n\t<div id=\"text-3705884589\" class=\"text\">\n\t\t\n\n<p style=\"font-weight: 600;color:#024279; font-size:22px;\">Leve um frasco de AnimaFort\u00ae Sleep<br \/>\npor <span style=\"color:#427902;text-decoration:underline;\">apenas 5\u20ac<\/span>.<\/p>\n\n\t\t\n<style>\n#text-3705884589 {\n  line-height: 1.25;\n  text-align: center;\n}\n<\/style>\n\t<\/div>\n\t\n<a href=\"https:\/\/laboratoriosniam.com\/pt\/promosleep\" target=\"_self\" class=\"button white lowercase boton-promo-sleep\"  style=\"border-radius:99px;\">\n    <span>Adicionar produto<\/span>\n  <i class=\"icon-shopping-cart\" aria-hidden=\"true\" ><\/i><\/a>\n\n\n\n\t\t<\/div>\n\t\t\t\t\n<style>\n#col-1996714353 > .col-inner {\n  padding: 0px 30px 0px 30px;\n  margin: 0 0px 0px 0px;\n}\n@media (min-width:550px) {\n  #col-1996714353 > .col-inner {\n    padding: 0px 0px 0px 0px;\n  }\n}\n<\/style>\n\t<\/div>\n\n\t\n\n<\/div>\n\n\t\t<\/div>\n\n\t\t\n<style>\n#section_1885726004 {\n  padding-top: 60px;\n  padding-bottom: 60px;\n  background-color: rgb(235, 232, 220);\n}\n#section_1885726004 .ux-shape-divider--top svg {\n  height: 150px;\n  --divider-top-width: 100%;\n}\n#section_1885726004 .ux-shape-divider--bottom svg {\n  height: 150px;\n  --divider-width: 100%;\n}\n<\/style>\n\t<\/section>\n\t\t<\/div>\n\t\t\t<script>\n\t\t\t\/\/ Auto open lightboxes\n\t\t\tjQuery(document).ready(function ($) {\n\t\t\t\t\/* global flatsomeVars *\/\n\t\t\t\t'use strict'\n\t\t\t\tvar cookieId = 'lightbox_popup-promo-animafort-sleep'\n\t\t\t\tvar cookieValue = 'opened_1'\n\t\t\t\tvar timer = parseInt('1000')\n\n\t\t\t\t\/\/ Auto open lightbox\n\t\t\t\t\n\t\t\t\t\/\/ Run lightbox if no cookie is set\n\t\t\t\tif (cookie(cookieId) !== cookieValue) {\n\n\t\t\t\t\t\/\/ Ensure closing off canvas\n\t\t\t\t\tsetTimeout(function () {\n\t\t\t\t\t\tif (jQuery.fn.magnificPopup) jQuery.magnificPopup.close()\n\t\t\t\t\t}, timer - 350)\n\n\t\t\t\t\t\/\/ Open lightbox\n\t\t\t\t\tsetTimeout(function () {\n\t\t\t\t\t\t$.loadMagnificPopup().then(function() {\n\t\t\t\t\t\t\t$.magnificPopup.open({\n\t\t\t\t\t\t\t\tmidClick: true,\n\t\t\t\t\t\t\t\tremovalDelay: 300,\n\t\t\t\t\t\t\t\t\/\/ closeBtnInside: flatsomeVars.lightbox.close_btn_inside,\n\t\t\t\t\t\t\t\t\/\/ closeMarkup: flatsomeVars.lightbox.close_markup,\n\t\t\t\t\t\t\t\titems: {\n\t\t\t\t\t\t\t\t\tsrc: '#popup-promo-animafort-sleep',\n\t\t\t\t\t\t\t\t\ttype: 'inline'\n\t\t\t\t\t\t\t\t}\n\t\t\t\t\t\t\t})\n\t\t\t\t\t\t})\n\t\t\t\t\t}, timer)\n\n\t\t\t\t\t\/\/ Set cookie\n\t\t\t\t\tcookie(cookieId, cookieValue, 365)\n\t\t\t\t}\n\t\t\t})\n\t\t<\/script>\n\t\n\t\n\n","protected":false},"excerpt":{"rendered":"","protected":false},"author":4403,"featured_media":0,"parent":0,"menu_order":0,"comment_status":"closed","ping_status":"closed","template":"","meta":{"_acf_changed":false,"footnotes":""},"class_list":["post-15","page","type-page","status-publish","hentry"],"acf":[],"yoast_head":"<!-- This site is optimized with the Yoast SEO plugin v27.2 - https:\/\/yoast.com\/product\/yoast-seo-wordpress\/ -->\n<title>Carrinho<\/title>\n<meta name=\"robots\" content=\"index, follow, max-snippet:-1, max-image-preview:large, max-video-preview:-1\" \/>\n<link rel=\"canonical\" href=\"https:\/\/laboratoriosniam.com\/pt\/cart\/\" \/>\n<meta property=\"og:locale\" content=\"pt_PT\" \/>\n<meta property=\"og:type\" content=\"article\" \/>\n<meta property=\"og:title\" content=\"Carrinho\" \/>\n<meta property=\"og:url\" content=\"https:\/\/laboratoriosniam.com\/pt\/cart\/\" \/>\n<meta property=\"og:site_name\" content=\"Laborat\u00f3rios Niam Portugal\" \/>\n<meta property=\"article:modified_time\" content=\"2026-02-04T14:16:55+00:00\" \/>\n<meta name=\"twitter:card\" content=\"summary_large_image\" \/>\n<script type=\"application\/ld+json\" class=\"yoast-schema-graph\">{\"@context\":\"https:\/\/schema.org\",\"@graph\":[{\"@type\":\"WebPage\",\"@id\":\"https:\/\/laboratoriosniam.com\/pt\/cart\/\",\"url\":\"https:\/\/laboratoriosniam.com\/pt\/cart\/\",\"name\":\"Carrinho\",\"isPartOf\":{\"@id\":\"https:\/\/laboratoriosniam.com\/pt\/#website\"},\"datePublished\":\"2021-03-15T08:50:48+00:00\",\"dateModified\":\"2026-02-04T14:16:55+00:00\",\"breadcrumb\":{\"@id\":\"https:\/\/laboratoriosniam.com\/pt\/cart\/#breadcrumb\"},\"inLanguage\":\"pt-PT\",\"potentialAction\":[{\"@type\":\"ReadAction\",\"target\":[\"https:\/\/laboratoriosniam.com\/pt\/cart\/\"]}]},{\"@type\":\"BreadcrumbList\",\"@id\":\"https:\/\/laboratoriosniam.com\/pt\/cart\/#breadcrumb\",\"itemListElement\":[{\"@type\":\"ListItem\",\"position\":1,\"name\":\"In\u00edcio\",\"item\":\"https:\/\/laboratoriosniam.com\/pt\/\"},{\"@type\":\"ListItem\",\"position\":2,\"name\":\"Cart\"}]},{\"@type\":\"WebSite\",\"@id\":\"https:\/\/laboratoriosniam.com\/pt\/#website\",\"url\":\"https:\/\/laboratoriosniam.com\/pt\/\",\"name\":\"Laborat\u00f3rios Niam Portugal\",\"description\":\"Suplementos alimentares - efic\u00e1cia natural\",\"publisher\":{\"@id\":\"https:\/\/laboratoriosniam.com\/pt\/#organization\"},\"potentialAction\":[{\"@type\":\"SearchAction\",\"target\":{\"@type\":\"EntryPoint\",\"urlTemplate\":\"https:\/\/laboratoriosniam.com\/pt\/?s={search_term_string}\"},\"query-input\":{\"@type\":\"PropertyValueSpecification\",\"valueRequired\":true,\"valueName\":\"search_term_string\"}}],\"inLanguage\":\"pt-PT\"},{\"@type\":\"Organization\",\"@id\":\"https:\/\/laboratoriosniam.com\/pt\/#organization\",\"name\":\"Laboratorios NIAM\",\"url\":\"https:\/\/laboratoriosniam.com\/pt\/\",\"logo\":{\"@type\":\"ImageObject\",\"inLanguage\":\"pt-PT\",\"@id\":\"https:\/\/laboratoriosniam.com\/pt\/#\/schema\/logo\/image\/\",\"url\":\"\",\"contentUrl\":\"\",\"caption\":\"Laboratorios NIAM\"},\"image\":{\"@id\":\"https:\/\/laboratoriosniam.com\/pt\/#\/schema\/logo\/image\/\"}}]}<\/script>\n<!-- \/ Yoast SEO plugin. -->","yoast_head_json":{"title":"Carrinho","robots":{"index":"index","follow":"follow","max-snippet":"max-snippet:-1","max-image-preview":"max-image-preview:large","max-video-preview":"max-video-preview:-1"},"canonical":"https:\/\/laboratoriosniam.com\/pt\/cart\/","og_locale":"pt_PT","og_type":"article","og_title":"Carrinho","og_url":"https:\/\/laboratoriosniam.com\/pt\/cart\/","og_site_name":"Laborat\u00f3rios Niam Portugal","article_modified_time":"2026-02-04T14:16:55+00:00","twitter_card":"summary_large_image","schema":{"@context":"https:\/\/schema.org","@graph":[{"@type":"WebPage","@id":"https:\/\/laboratoriosniam.com\/pt\/cart\/","url":"https:\/\/laboratoriosniam.com\/pt\/cart\/","name":"Carrinho","isPartOf":{"@id":"https:\/\/laboratoriosniam.com\/pt\/#website"},"datePublished":"2021-03-15T08:50:48+00:00","dateModified":"2026-02-04T14:16:55+00:00","breadcrumb":{"@id":"https:\/\/laboratoriosniam.com\/pt\/cart\/#breadcrumb"},"inLanguage":"pt-PT","potentialAction":[{"@type":"ReadAction","target":["https:\/\/laboratoriosniam.com\/pt\/cart\/"]}]},{"@type":"BreadcrumbList","@id":"https:\/\/laboratoriosniam.com\/pt\/cart\/#breadcrumb","itemListElement":[{"@type":"ListItem","position":1,"name":"In\u00edcio","item":"https:\/\/laboratoriosniam.com\/pt\/"},{"@type":"ListItem","position":2,"name":"Cart"}]},{"@type":"WebSite","@id":"https:\/\/laboratoriosniam.com\/pt\/#website","url":"https:\/\/laboratoriosniam.com\/pt\/","name":"Laborat\u00f3rios Niam Portugal","description":"Suplementos alimentares - efic\u00e1cia natural","publisher":{"@id":"https:\/\/laboratoriosniam.com\/pt\/#organization"},"potentialAction":[{"@type":"SearchAction","target":{"@type":"EntryPoint","urlTemplate":"https:\/\/laboratoriosniam.com\/pt\/?s={search_term_string}"},"query-input":{"@type":"PropertyValueSpecification","valueRequired":true,"valueName":"search_term_string"}}],"inLanguage":"pt-PT"},{"@type":"Organization","@id":"https:\/\/laboratoriosniam.com\/pt\/#organization","name":"Laboratorios NIAM","url":"https:\/\/laboratoriosniam.com\/pt\/","logo":{"@type":"ImageObject","inLanguage":"pt-PT","@id":"https:\/\/laboratoriosniam.com\/pt\/#\/schema\/logo\/image\/","url":"","contentUrl":"","caption":"Laboratorios NIAM"},"image":{"@id":"https:\/\/laboratoriosniam.com\/pt\/#\/schema\/logo\/image\/"}}]}},"_links":{"self":[{"href":"https:\/\/laboratoriosniam.com\/pt\/wp-json\/wp\/v2\/pages\/15","targetHints":{"allow":["GET"]}}],"collection":[{"href":"https:\/\/laboratoriosniam.com\/pt\/wp-json\/wp\/v2\/pages"}],"about":[{"href":"https:\/\/laboratoriosniam.com\/pt\/wp-json\/wp\/v2\/types\/page"}],"author":[{"embeddable":true,"href":"https:\/\/laboratoriosniam.com\/pt\/wp-json\/wp\/v2\/users\/4403"}],"replies":[{"embeddable":true,"href":"https:\/\/laboratoriosniam.com\/pt\/wp-json\/wp\/v2\/comments?post=15"}],"version-history":[{"count":10,"href":"https:\/\/laboratoriosniam.com\/pt\/wp-json\/wp\/v2\/pages\/15\/revisions"}],"predecessor-version":[{"id":96567,"href":"https:\/\/laboratoriosniam.com\/pt\/wp-json\/wp\/v2\/pages\/15\/revisions\/96567"}],"wp:attachment":[{"href":"https:\/\/laboratoriosniam.com\/pt\/wp-json\/wp\/v2\/media?parent=15"}],"curies":[{"name":"wp","href":"https:\/\/api.w.org\/{rel}","templated":true}]}}