


{"id":9137,"date":"2022-02-02T16:35:30","date_gmt":"2022-02-02T16:35:30","guid":{"rendered":"https:\/\/laboratoriosniam.com\/pt\/?page_id=9137"},"modified":"2023-12-22T09:40:22","modified_gmt":"2023-12-22T09:40:22","slug":"aviso-legal","status":"publish","type":"page","link":"https:\/\/laboratoriosniam.com\/pt\/aviso-legal\/","title":{"rendered":"Aviso legal"},"content":{"rendered":"\n\t<section class=\"section\" id=\"section_699845479\">\n\t\t<div class=\"bg section-bg fill bg-fill bg-loaded bg-loaded\" >\n\n\t\t\t\n\t\t\t\n\t\t\t\n\n\t\t<\/div>\n\n\t\t\n\n\t\t<div class=\"section-content relative\">\n\t\t\t\n\n<div class=\"container section-title-container\" ><h1 class=\"section-title section-title-center\"><b><\/b><span class=\"section-title-main\" style=\"font-size:73%;\">Aviso legal<\/span><b><\/b><\/h1><\/div>\n\n<div class=\"row align-center\"  id=\"row-2091819388\">\n\n\n\t<div id=\"col-827518846\" class=\"col medium-11 small-12 large-11\"  >\n\t\t\t\t<div class=\"col-inner\"  >\n\t\t\t\n\t\t\t\n\n<h3>Dados identificativos<\/h3>\n<p>Em cumprimento com o dever da informa\u00e7\u00e3o recolhido no artigo 10 da Lei 34\/2002, de 11 de Julho, de Servi\u00e7os da Sociedade Inform\u00e1tica e do Com\u00e9rcio Eletr\u00f3nico, informamos:<br \/>\u2022 Laborat\u00f3rios Niam S.L. (em diante, Laborat\u00f3rios Niam) \u00e9 uma empresa dedicada \u00e0 venda de suplementos alimentares online e em distribuidores f\u00edsicos. A venda pr\u00f3pria em Portugal realiza-se atrav\u00e9s do canal de venda online <a href=\"https:\/\/laboratoriosniam.com\/pt\/\">laboratoriosniam.com\/pt<\/a> e estabelece um contato entre Laborat\u00f3rios Niam e os usu\u00e1rios compradores.<br \/>\u2022 Laborat\u00f3rios Niam encontra-se inscrito no Registro Mercantil de Valladolid, no tomo 1467, f\u00f3lio 36, primeira inscri\u00e7\u00e3o com folha VA-26815.<br \/>\u2022 Laborat\u00f3rios Niam com CIF B47728076, \u00e9 uma sociedade domiciliada para os fins desta informa\u00e7\u00e3o em C\/ Paseo de Bel\u00e9n, 9 A \u2013 Edificio Parque cient\u00edfico UVa &#8211; 47011, Valladolid &#8211; Espanha, e \u00e9 na atualidade encarregada da explora\u00e7\u00e3o, gest\u00e3o e funcionamento do s\u00edtio web www.laboratoriosniam.com. Colocamos outros dados de contato \u00e0 sua disposi\u00e7\u00e3o.<br \/>\u2022 Dados de contato: Email: <a href=\"mailto:consultas@laboratoriosniam.com\">consultas@laboratoriosniam.com<\/a>. <a href=\"https:\/\/laboratoriosniam.com\/pt\/contacto\/\">Contatar<\/a>.<br \/>\u2022 Laborat\u00f3rios Niam est\u00e1 inscrita na RGSEAA (Registro General Sanitario de Empresas Alimentarias y Alimentos) com o n\u00famero de autoriza\u00e7\u00e3o 26.015615\/VA.<\/p>\n<h3>Usu\u00e1rios<\/h3>\n<p>O acesso e\/ou uso deste portal atribui \u00e0 condi\u00e7\u00e3o de USU\u00c1RIO, que aceita, do dito acesso e\/ou uso, \u00e0s Condi\u00e7\u00f5es Gerais de Uso aqui refletidas. As citadas Condi\u00e7\u00f5es ser\u00e3o de aplica\u00e7\u00e3o independentemente das Condi\u00e7\u00f5es Gerais de Contrata\u00e7\u00e3o que neste caso s\u00e3o obrigat\u00f3rias.<\/p>\n<h3>Uso do portal<\/h3>\n<p><a href=\"https:\/\/laboratoriosniam.com\/pt\/\" target=\"_blank\" rel=\"noopener\">www.laboratoriosniam.com\/pt<\/a> proporciona o acesso aos produtos da sua p\u00e1gina web, assim como \u00e0 informa\u00e7\u00e3o sobre os mesmos.<br \/>O USU\u00c1RIO assume a responsabilidade do uso do portal. Esta responsabilidade estende-se ao registo que foi necess\u00e1rio para aceder a determinados servi\u00e7os ou conte\u00fados. No referido registo o USU\u00c1RIO ser\u00e1 respons\u00e1vel por fornecer informa\u00e7\u00f5es verdadeiras e legais. Como consequ\u00eancia deste registo, ao USU\u00c1RIO pode proporcionar-se uma senha na qual ser\u00e1 respons\u00e1vel, comprometendo-se a fazer um uso diligente e confidencial da mesma.<br \/>O USU\u00c1RIO compromete-se a fazer um uso adequado dos conte\u00fados e servi\u00e7os que Laborat\u00f3rios Niam oferece atrav\u00e9s do seu portal e com car\u00e1cter enunciativo, mas n\u00e3o limitativo, a n\u00e3o os usar para:<br \/>\u2022 Envolver-se em atividades il\u00edcitas, ilegais ou contr\u00e1rios \u00e0 boa-f\u00e9 e \u00e0 ordem p\u00fablica.<br \/>\u2022 Difundir conte\u00fados ou propaganda de car\u00e1ter racista, xen\u00f3fobo, pornogr\u00e1fico ilegal, de apologia ao terrorismo ou de atentado contra os direitos humanos.<br \/>\u2022 Causar danos nos sistemas f\u00edsicos e l\u00f3gicos de Laborat\u00f3rios Niam, de seus provedores ou de terceiras pessoas, introduzir ou difundir na rede v\u00edrus inform\u00e1ticos ou quaisquer outros sistemas f\u00edsicos ou l\u00f3gicos que sejam suscet\u00edveis de provocar os danos anteriormente mencionados;<br \/>\u2022 Tentar aceder e, no seu caso, utilizar as contas de correio eletr\u00f3nico de outros usu\u00e1rios e modificar ou manipular as suas mensagens.<\/p>\n<h3>Propriedade Intelectual e Industrial<\/h3>\n<p>1. Todos os sinais distintivos, marcas, nomes comerciais, conte\u00fados, estrutura, desenho e forma de apresenta\u00e7\u00e3o dos elementos e qualquer outra informa\u00e7\u00e3o que apare\u00e7a neste s\u00edtio Web s\u00e3o propriedade de Laborat\u00f3rios Niam por si ou como cession\u00e1rio e est\u00e3o protegidos pelos direitos de propriedade industrial e intelectual.<br \/>2. O usu\u00e1rio tem proibida a reprodu\u00e7\u00e3o, transforma\u00e7\u00e3o, distribui\u00e7\u00e3o, comunica\u00e7\u00e3o p\u00fablica e, em geral qualquer outra forma de explora\u00e7\u00e3o dos elementos referidos ao apartado anterior sem autoriza\u00e7\u00e3o expressa de Laborat\u00f3rios Niam.<br \/>3. O usu\u00e1rio abster-se-\u00e1 de empregar meios que possa suprimir, alterar, iludir ou manipular quaisquer dispositivos de prote\u00e7\u00e3o ou sistemas de seguran\u00e7a que possam estar instalados e que possuam risco ou dano ou inutiliza\u00e7\u00e3o do s\u00edtio Web e\/ou os seus conte\u00fados.<br \/>4. Laborat\u00f3rios Niam n\u00e3o se responsabilizam do poss\u00edvel uso inapropriado que terceiros realizem nesta p\u00e1gina Web, nem da informa\u00e7\u00e3o que atrav\u00e9s dela transmitem a terceiros. O uso dos conte\u00fados que possa fazer o usu\u00e1rio e as eventuais consequ\u00eancias, danos ou preju\u00edzos que possam derivar, s\u00e3o da exclusiva responsabilidade do usu\u00e1rio. Laborat\u00f3rios Niam exclui-se dos danos e preju\u00edzos de natureza causados aos usu\u00e1rios pelo uso de hiperliga\u00e7\u00f5es (links), diret\u00f3rios e ferramentas de busca, que permitam aos usu\u00e1rios aceder a s\u00edtios Web pertencentes e\/ou geridos por terceiros assim como da presen\u00e7a de v\u00edrus ou outros c\u00f3digos maliciosos nos conte\u00fados que possam produzir qualquer tipo de dano no sistema inform\u00e1tico, documentos eletr\u00f3nicos ou ficheiros dos usu\u00e1rios. Laborat\u00f3rios Niam reserva-se ao direito de exercitar as a\u00e7\u00f5es legais que considere oportunas derivadas de quaisquer usos il\u00edcitos por parte de terceiros dos conte\u00fados de sua p\u00e1gina Web.<\/p>\n<h3>Exclus\u00e3o de garantias e responsabilidade<\/h3>\n<p>Laborat\u00f3rios Niam n\u00e3o s\u00e3o respons\u00e1veis, em nenhum caso, dos danos e preju\u00edzos de qualquer natureza que possam ocasionar, a t\u00edtulo enunciativo: erros ou omiss\u00f5es nos conte\u00fados, falta de disponibilidade do portal ou a transmiss\u00e3o de v\u00edrus ou programas maliciosos ou prejudiciais no conte\u00fado, apesar de ter adotado todas as medidas tecnol\u00f3gicas para evit\u00e1-lo.<\/p>\n<h3>Modifica\u00e7\u00f5es<\/h3>\n<p>Laborat\u00f3rios Niam se reserva ao direito de efetuar sem pr\u00e9vio aviso as modifica\u00e7\u00f5es que considere oportunas no seu portal, podendo mudar, suprimir ou adicionar tanto os conte\u00fados e servi\u00e7os que se prestem atrav\u00e9s do mesmo como a forma em que estes apare\u00e7am apresentados ou localizados no seu portal.<\/p>\n<h3>Liga\u00e7\u00f5es<\/h3>\n<p>No caso de que o nome do dom\u00ednio disponha de liga\u00e7\u00f5es ou hiperliga\u00e7\u00f5es a outros s\u00edtios da Internet, Laborat\u00f3rios Niam n\u00e3o exercitar\u00e1 nenhum tipo de controlo sobre os ditos s\u00edtios ou conte\u00fados. Em nenhum caso Laborat\u00f3rios Niam assumir\u00e1 responsabilidade alguma pelos conte\u00fados de alguma hiperliga\u00e7\u00e3o pertencente a um s\u00edtio web alheio, nem garantir\u00e1 a disponibilidade t\u00e9cnica, qualidade, fiabilidade, exatid\u00e3o, amplitude, veracidade, validez e constitucionalidade de qualquer material ou informa\u00e7\u00e3o contida em nenhum das ditas hiperliga\u00e7\u00f5es ou outros s\u00edtios de Internet. Igualmente incluindo estas conex\u00f5es externas, n\u00e3o implicar\u00e1 nenhum tipo de associa\u00e7\u00e3o, fus\u00e3o ou participa\u00e7\u00e3o com as entidades conectadas.<\/p>\n<p>Laborat\u00f3rios Niam reserva-se ao direito de negar ou retirar o acesso ao portal e\/ou os servi\u00e7os oferecidos sem necessidade de pr\u00e9-aviso, \u00e0 inst\u00e2ncia pr\u00f3pria ou de um terceiro, aqueles usu\u00e1rios que incumpram com as Condi\u00e7\u00f5es Gerais de Uso.<\/p>\n<h3>Direito de exclus\u00e3o<\/h3>\n<p>Laborat\u00f3rios Niam reserva-se ao direito de negar ou retirar o acesso ao portal e\/ou aos servi\u00e7os oferecidos sem necessidade de pr\u00e9-aviso, \u00e0 inst\u00e2ncia pr\u00f3pria ou de um terceiro, aqueles usu\u00e1rios que incumpram com as condi\u00e7\u00f5es dispon\u00edveis em <a href=\"https:\/\/laboratoriosniam.com\/pt\/condicoes-gerais-da-compra\/\">Guia de Compra<\/a>.<\/p>\n<h3>Generalidades<\/h3>\n<p>Laborat\u00f3rios Niam perseguir\u00e1 com o incumprimento das condi\u00e7\u00f5es assim como qualquer utiliza\u00e7\u00e3o indevida no seu portal exercendo todas as a\u00e7\u00f5es civis ou penais a que lhe possam corresponder ao direito.<\/p>\n<h3>Seguridade<\/h3>\n<p>Este comerciante concorda em n\u00e3o permitir qualquer transa\u00e7\u00e3o que seja ilegal, ou seja considerada pelas marcas de cart\u00e3o de cr\u00e9dito ou pelo banco adquirente, que possa ou tenha o potencial de prejudicar seu \u00e1gio ou influenci\u00e1-lo negativamente. As seguintes atividades s\u00e3o proibidas nos programas de marcas de cart\u00f5es: a venda ou oferta de um produto ou servi\u00e7o que n\u00e3o esteja em total conformidade com todas as leis aplic\u00e1veis \u200b\u200bao Comprador, Banco Emissor, Estabelecimento Comercial, Portador de Cart\u00e3o ou cart\u00f5es.<\/p>\n<p>Al\u00e9m disso, as seguintes atividades tamb\u00e9m s\u00e3o expressamente proibidas:<\/p>\n<ul>\n<li>Vender medicamentos.<\/li>\n<\/ul>\n<h3>Modifica\u00e7\u00e3o das presentes condi\u00e7\u00f5es e dura\u00e7\u00e3o<\/h3>\n<p>Laborat\u00f3rios Niam poder\u00e1 modificar em qualquer momento as condi\u00e7\u00f5es aqui determinadas, sendo devidamente publicadas como aqui aparecem.<\/p>\n<h3>Legisla\u00e7\u00e3o aplicada e jurisdi\u00e7\u00e3o<\/h3>\n<p>A rela\u00e7\u00e3o entre Laborat\u00f3rios Niam e o USU\u00c1RIO reger-se-\u00e1 pela legisla\u00e7\u00e3o espanhola vigente e qualquer controv\u00e9rsia se submeter\u00e1 aos Julgados e Tribunais Espanh\u00f3is.<\/p>\n<p>Resolu\u00e7\u00e3o de lit\u00edgios em linha em mat\u00e9ria de consumo conforme o Art. 14.1 do Regulamento (UE) 524\/2013.<\/p>\n\n\t\t<\/div>\n\t\t\t\t\t<\/div>\n\n\t\n\n<\/div>\n\n\t\t<\/div>\n\n\t\t\n<style>\n#section_699845479 {\n  padding-top: 30px;\n  padding-bottom: 30px;\n}\n#section_699845479 .ux-shape-divider--top svg {\n  height: 150px;\n  --divider-top-width: 100%;\n}\n#section_699845479 .ux-shape-divider--bottom svg {\n  height: 150px;\n  --divider-width: 100%;\n}\n<\/style>\n\t<\/section>\n\t\n\n","protected":false},"excerpt":{"rendered":"","protected":false},"author":2,"featured_media":4485,"parent":0,"menu_order":0,"comment_status":"closed","ping_status":"closed","template":"","meta":{"_acf_changed":false,"footnotes":""},"class_list":["post-9137","page","type-page","status-publish","has-post-thumbnail","hentry"],"acf":[],"yoast_head":"<!-- This site is optimized with the Yoast SEO plugin v27.2 - https:\/\/yoast.com\/product\/yoast-seo-wordpress\/ -->\n<title>Aviso legal - Laborat\u00f3rios Niam Portugal<\/title>\n<meta name=\"robots\" content=\"noindex, follow\" \/>\n<meta property=\"og:locale\" content=\"pt_PT\" \/>\n<meta property=\"og:type\" content=\"article\" \/>\n<meta property=\"og:title\" content=\"Aviso legal - Laborat\u00f3rios Niam Portugal\" \/>\n<meta property=\"og:url\" content=\"https:\/\/laboratoriosniam.com\/pt\/aviso-legal\/\" \/>\n<meta property=\"og:site_name\" content=\"Laborat\u00f3rios Niam Portugal\" \/>\n<meta property=\"article:modified_time\" content=\"2023-12-22T09:40:22+00:00\" \/>\n<meta property=\"og:image\" content=\"https:\/\/laboratoriosniam.com\/pt\/wp-content\/uploads\/2021\/05\/aboutAs-valoracion-t22.jpg\" \/>\n\t<meta property=\"og:image:width\" content=\"600\" \/>\n\t<meta property=\"og:image:height\" content=\"495\" \/>\n\t<meta property=\"og:image:type\" content=\"image\/jpeg\" \/>\n<meta name=\"twitter:card\" content=\"summary_large_image\" \/>\n<meta name=\"twitter:label1\" content=\"Tempo estimado de leitura\" \/>\n\t<meta name=\"twitter:data1\" content=\"7 minutos\" \/>\n<script type=\"application\/ld+json\" class=\"yoast-schema-graph\">{\"@context\":\"https:\/\/schema.org\",\"@graph\":[{\"@type\":\"WebPage\",\"@id\":\"https:\/\/laboratoriosniam.com\/pt\/aviso-legal\/\",\"url\":\"https:\/\/laboratoriosniam.com\/pt\/aviso-legal\/\",\"name\":\"Aviso legal - Laborat\u00f3rios Niam Portugal\",\"isPartOf\":{\"@id\":\"https:\/\/laboratoriosniam.com\/pt\/#website\"},\"primaryImageOfPage\":{\"@id\":\"https:\/\/laboratoriosniam.com\/pt\/aviso-legal\/#primaryimage\"},\"image\":{\"@id\":\"https:\/\/laboratoriosniam.com\/pt\/aviso-legal\/#primaryimage\"},\"thumbnailUrl\":\"https:\/\/laboratoriosniam.com\/pt\/wp-content\/uploads\/2021\/05\/aboutAs-valoracion-t22.jpg\",\"datePublished\":\"2022-02-02T16:35:30+00:00\",\"dateModified\":\"2023-12-22T09:40:22+00:00\",\"breadcrumb\":{\"@id\":\"https:\/\/laboratoriosniam.com\/pt\/aviso-legal\/#breadcrumb\"},\"inLanguage\":\"pt-PT\",\"potentialAction\":[{\"@type\":\"ReadAction\",\"target\":[\"https:\/\/laboratoriosniam.com\/pt\/aviso-legal\/\"]}]},{\"@type\":\"ImageObject\",\"inLanguage\":\"pt-PT\",\"@id\":\"https:\/\/laboratoriosniam.com\/pt\/aviso-legal\/#primaryimage\",\"url\":\"https:\/\/laboratoriosniam.com\/pt\/wp-content\/uploads\/2021\/05\/aboutAs-valoracion-t22.jpg\",\"contentUrl\":\"https:\/\/laboratoriosniam.com\/pt\/wp-content\/uploads\/2021\/05\/aboutAs-valoracion-t22.jpg\",\"width\":600,\"height\":495,\"caption\":\"Laboratorios Niam\"},{\"@type\":\"BreadcrumbList\",\"@id\":\"https:\/\/laboratoriosniam.com\/pt\/aviso-legal\/#breadcrumb\",\"itemListElement\":[{\"@type\":\"ListItem\",\"position\":1,\"name\":\"In\u00edcio\",\"item\":\"https:\/\/laboratoriosniam.com\/pt\/\"},{\"@type\":\"ListItem\",\"position\":2,\"name\":\"Aviso legal\"}]},{\"@type\":\"WebSite\",\"@id\":\"https:\/\/laboratoriosniam.com\/pt\/#website\",\"url\":\"https:\/\/laboratoriosniam.com\/pt\/\",\"name\":\"Laborat\u00f3rios Niam Portugal\",\"description\":\"Suplementos alimentares - efic\u00e1cia natural\",\"publisher\":{\"@id\":\"https:\/\/laboratoriosniam.com\/pt\/#organization\"},\"potentialAction\":[{\"@type\":\"SearchAction\",\"target\":{\"@type\":\"EntryPoint\",\"urlTemplate\":\"https:\/\/laboratoriosniam.com\/pt\/?s={search_term_string}\"},\"query-input\":{\"@type\":\"PropertyValueSpecification\",\"valueRequired\":true,\"valueName\":\"search_term_string\"}}],\"inLanguage\":\"pt-PT\"},{\"@type\":\"Organization\",\"@id\":\"https:\/\/laboratoriosniam.com\/pt\/#organization\",\"name\":\"Laboratorios NIAM\",\"url\":\"https:\/\/laboratoriosniam.com\/pt\/\",\"logo\":{\"@type\":\"ImageObject\",\"inLanguage\":\"pt-PT\",\"@id\":\"https:\/\/laboratoriosniam.com\/pt\/#\/schema\/logo\/image\/\",\"url\":\"\",\"contentUrl\":\"\",\"caption\":\"Laboratorios NIAM\"},\"image\":{\"@id\":\"https:\/\/laboratoriosniam.com\/pt\/#\/schema\/logo\/image\/\"}}]}<\/script>\n<!-- \/ Yoast SEO plugin. -->","yoast_head_json":{"title":"Aviso legal - Laborat\u00f3rios Niam Portugal","robots":{"index":"noindex","follow":"follow"},"og_locale":"pt_PT","og_type":"article","og_title":"Aviso legal - Laborat\u00f3rios Niam Portugal","og_url":"https:\/\/laboratoriosniam.com\/pt\/aviso-legal\/","og_site_name":"Laborat\u00f3rios Niam Portugal","article_modified_time":"2023-12-22T09:40:22+00:00","og_image":[{"width":600,"height":495,"url":"https:\/\/laboratoriosniam.com\/pt\/wp-content\/uploads\/2021\/05\/aboutAs-valoracion-t22.jpg","type":"image\/jpeg"}],"twitter_card":"summary_large_image","twitter_misc":{"Tempo estimado de leitura":"7 minutos"},"schema":{"@context":"https:\/\/schema.org","@graph":[{"@type":"WebPage","@id":"https:\/\/laboratoriosniam.com\/pt\/aviso-legal\/","url":"https:\/\/laboratoriosniam.com\/pt\/aviso-legal\/","name":"Aviso legal - Laborat\u00f3rios Niam Portugal","isPartOf":{"@id":"https:\/\/laboratoriosniam.com\/pt\/#website"},"primaryImageOfPage":{"@id":"https:\/\/laboratoriosniam.com\/pt\/aviso-legal\/#primaryimage"},"image":{"@id":"https:\/\/laboratoriosniam.com\/pt\/aviso-legal\/#primaryimage"},"thumbnailUrl":"https:\/\/laboratoriosniam.com\/pt\/wp-content\/uploads\/2021\/05\/aboutAs-valoracion-t22.jpg","datePublished":"2022-02-02T16:35:30+00:00","dateModified":"2023-12-22T09:40:22+00:00","breadcrumb":{"@id":"https:\/\/laboratoriosniam.com\/pt\/aviso-legal\/#breadcrumb"},"inLanguage":"pt-PT","potentialAction":[{"@type":"ReadAction","target":["https:\/\/laboratoriosniam.com\/pt\/aviso-legal\/"]}]},{"@type":"ImageObject","inLanguage":"pt-PT","@id":"https:\/\/laboratoriosniam.com\/pt\/aviso-legal\/#primaryimage","url":"https:\/\/laboratoriosniam.com\/pt\/wp-content\/uploads\/2021\/05\/aboutAs-valoracion-t22.jpg","contentUrl":"https:\/\/laboratoriosniam.com\/pt\/wp-content\/uploads\/2021\/05\/aboutAs-valoracion-t22.jpg","width":600,"height":495,"caption":"Laboratorios Niam"},{"@type":"BreadcrumbList","@id":"https:\/\/laboratoriosniam.com\/pt\/aviso-legal\/#breadcrumb","itemListElement":[{"@type":"ListItem","position":1,"name":"In\u00edcio","item":"https:\/\/laboratoriosniam.com\/pt\/"},{"@type":"ListItem","position":2,"name":"Aviso legal"}]},{"@type":"WebSite","@id":"https:\/\/laboratoriosniam.com\/pt\/#website","url":"https:\/\/laboratoriosniam.com\/pt\/","name":"Laborat\u00f3rios Niam Portugal","description":"Suplementos alimentares - efic\u00e1cia natural","publisher":{"@id":"https:\/\/laboratoriosniam.com\/pt\/#organization"},"potentialAction":[{"@type":"SearchAction","target":{"@type":"EntryPoint","urlTemplate":"https:\/\/laboratoriosniam.com\/pt\/?s={search_term_string}"},"query-input":{"@type":"PropertyValueSpecification","valueRequired":true,"valueName":"search_term_string"}}],"inLanguage":"pt-PT"},{"@type":"Organization","@id":"https:\/\/laboratoriosniam.com\/pt\/#organization","name":"Laboratorios NIAM","url":"https:\/\/laboratoriosniam.com\/pt\/","logo":{"@type":"ImageObject","inLanguage":"pt-PT","@id":"https:\/\/laboratoriosniam.com\/pt\/#\/schema\/logo\/image\/","url":"","contentUrl":"","caption":"Laboratorios NIAM"},"image":{"@id":"https:\/\/laboratoriosniam.com\/pt\/#\/schema\/logo\/image\/"}}]}},"_links":{"self":[{"href":"https:\/\/laboratoriosniam.com\/pt\/wp-json\/wp\/v2\/pages\/9137","targetHints":{"allow":["GET"]}}],"collection":[{"href":"https:\/\/laboratoriosniam.com\/pt\/wp-json\/wp\/v2\/pages"}],"about":[{"href":"https:\/\/laboratoriosniam.com\/pt\/wp-json\/wp\/v2\/types\/page"}],"author":[{"embeddable":true,"href":"https:\/\/laboratoriosniam.com\/pt\/wp-json\/wp\/v2\/users\/2"}],"replies":[{"embeddable":true,"href":"https:\/\/laboratoriosniam.com\/pt\/wp-json\/wp\/v2\/comments?post=9137"}],"version-history":[{"count":9,"href":"https:\/\/laboratoriosniam.com\/pt\/wp-json\/wp\/v2\/pages\/9137\/revisions"}],"predecessor-version":[{"id":77923,"href":"https:\/\/laboratoriosniam.com\/pt\/wp-json\/wp\/v2\/pages\/9137\/revisions\/77923"}],"wp:featuredmedia":[{"embeddable":true,"href":"https:\/\/laboratoriosniam.com\/pt\/wp-json\/wp\/v2\/media\/4485"}],"wp:attachment":[{"href":"https:\/\/laboratoriosniam.com\/pt\/wp-json\/wp\/v2\/media?parent=9137"}],"curies":[{"name":"wp","href":"https:\/\/api.w.org\/{rel}","templated":true}]}}