


{"id":7792,"date":"2022-01-07T18:55:52","date_gmt":"2022-01-07T18:55:52","guid":{"rendered":"https:\/\/laboratoriosniam.com\/pt\/?post_type=product&#038;p=7792"},"modified":"2026-05-08T18:13:50","modified_gmt":"2026-05-08T17:13:50","slug":"concevit-gravidez","status":"publish","type":"product","link":"https:\/\/laboratoriosniam.com\/pt\/produto\/concevit-gravidez\/","title":{"rendered":"Concevit\u00ae Gravidez"},"content":{"rendered":"","protected":false},"excerpt":{"rendered":"<p><span style=\"color: #f9827f; font-weight: bold;\">Concevit\u00ae<\/span> \u00e9 um suplemento alimentar que ajuda a satisfazer as necessidades nutricionais da mulher desde o momento em que come\u00e7a a planear a sua gravidez, durante toda a gesta\u00e7\u00e3o e na etapa da amamenta\u00e7\u00e3o.<\/p>\n\t<section class=\"section sin-padding\" id=\"section_364611742\">\n\t\t<div class=\"bg section-bg fill bg-fill bg-loaded bg-loaded\" >\n\n\t\t\t\n\t\t\t\n\t\t\t\n\n\t\t<\/div>\n\n\t\t\n\n\t\t<div class=\"section-content relative\">\n\t\t\t\n\n<div class=\"row row-small\"  id=\"row-1682729836\">\n\n\n\t<div id=\"col-261487068\" class=\"col medium-3 small-3 large-3\"  >\n\t\t\t\t<div class=\"col-inner text-center\"  >\n\t\t\t\n\t\t\t\n\n\t<div class=\"img has-hover x md-x lg-x y md-y lg-y\" id=\"image_1609639050\">\n\t\t\t\t\t\t\t\t<div class=\"img-inner dark\" >\n\t\t\t<img width=\"201\" height=\"201\" src=\"https:\/\/laboratoriosniam.com\/pt\/wp-content\/uploads\/2022\/01\/Origem_natural_pcos_PT.png\" class=\"attachment-original size-original\" alt=\"Origem natural\" decoding=\"async\" loading=\"lazy\" srcset=\"https:\/\/laboratoriosniam.com\/pt\/wp-content\/uploads\/2022\/01\/Origem_natural_pcos_PT.png 201w, https:\/\/laboratoriosniam.com\/pt\/wp-content\/uploads\/2022\/01\/Origem_natural_pcos_PT-100x100.png 100w\" sizes=\"auto, (max-width: 201px) 100vw, 201px\" \/>\t\t\t\t\t\t\n\t\t\t\t\t<\/div>\n\t\t\t\t\t\t\t\t\n<style>\n#image_1609639050 {\n  width: 85%;\n}\n@media (min-width:550px) {\n  #image_1609639050 {\n    width: 60%;\n  }\n}\n<\/style>\n\t<\/div>\n\t\n\n\n\t\t<\/div>\n\t\t\t\t\t<\/div>\n\n\t\n\n\t<div id=\"col-1965434134\" class=\"col medium-3 small-3 large-3\"  >\n\t\t\t\t<div class=\"col-inner text-center\"  >\n\t\t\t\n\t\t\t\n\n\t<div class=\"img has-hover x md-x lg-x y md-y lg-y\" id=\"image_407005496\">\n\t\t\t\t\t\t\t\t<div class=\"img-inner dark\" >\n\t\t\t<img width=\"201\" height=\"201\" src=\"https:\/\/laboratoriosniam.com\/pt\/wp-content\/uploads\/2022\/01\/Sem_gluten_pcos_PT.png\" class=\"attachment-original size-original\" alt=\"Sem gluten\" decoding=\"async\" loading=\"lazy\" srcset=\"https:\/\/laboratoriosniam.com\/pt\/wp-content\/uploads\/2022\/01\/Sem_gluten_pcos_PT.png 201w, https:\/\/laboratoriosniam.com\/pt\/wp-content\/uploads\/2022\/01\/Sem_gluten_pcos_PT-100x100.png 100w\" sizes=\"auto, (max-width: 201px) 100vw, 201px\" \/>\t\t\t\t\t\t\n\t\t\t\t\t<\/div>\n\t\t\t\t\t\t\t\t\n<style>\n#image_407005496 {\n  width: 85%;\n}\n@media (min-width:550px) {\n  #image_407005496 {\n    width: 60%;\n  }\n}\n<\/style>\n\t<\/div>\n\t\n\n\n\t\t<\/div>\n\t\t\t\t\t<\/div>\n\n\t\n\n\t<div id=\"col-1116952438\" class=\"col medium-3 small-3 large-3\"  >\n\t\t\t\t<div class=\"col-inner text-center\"  >\n\t\t\t\n\t\t\t\n\n\t<div class=\"img has-hover x md-x lg-x y md-y lg-y\" id=\"image_103505207\">\n\t\t\t\t\t\t\t\t<div class=\"img-inner dark\" >\n\t\t\t<img width=\"201\" height=\"201\" src=\"https:\/\/laboratoriosniam.com\/pt\/wp-content\/uploads\/2022\/01\/Sem_azucares_pcos_PT.png\" class=\"attachment-original size-original\" alt=\"Sem a\u00e7\u00facares\" decoding=\"async\" loading=\"lazy\" srcset=\"https:\/\/laboratoriosniam.com\/pt\/wp-content\/uploads\/2022\/01\/Sem_azucares_pcos_PT.png 201w, https:\/\/laboratoriosniam.com\/pt\/wp-content\/uploads\/2022\/01\/Sem_azucares_pcos_PT-100x100.png 100w\" sizes=\"auto, (max-width: 201px) 100vw, 201px\" \/>\t\t\t\t\t\t\n\t\t\t\t\t<\/div>\n\t\t\t\t\t\t\t\t\n<style>\n#image_103505207 {\n  width: 85%;\n}\n@media (min-width:550px) {\n  #image_103505207 {\n    width: 60%;\n  }\n}\n<\/style>\n\t<\/div>\n\t\n\n\n\t\t<\/div>\n\t\t\t\t\t<\/div>\n\n\t\n\n\t<div id=\"col-827569768\" class=\"col medium-3 small-3 large-3\"  >\n\t\t\t\t<div class=\"col-inner text-center\"  >\n\t\t\t\n\t\t\t\n\n\t<div class=\"img has-hover x md-x lg-x y md-y lg-y\" id=\"image_1982150369\">\n\t\t\t\t\t\t\t\t<div class=\"img-inner dark\" >\n\t\t\t<img width=\"201\" height=\"201\" src=\"https:\/\/laboratoriosniam.com\/pt\/wp-content\/uploads\/2022\/01\/Sem_lactose_pcos_PT.png\" class=\"attachment-original size-original\" alt=\"Sem lactose\" decoding=\"async\" loading=\"lazy\" srcset=\"https:\/\/laboratoriosniam.com\/pt\/wp-content\/uploads\/2022\/01\/Sem_lactose_pcos_PT.png 201w, https:\/\/laboratoriosniam.com\/pt\/wp-content\/uploads\/2022\/01\/Sem_lactose_pcos_PT-100x100.png 100w\" sizes=\"auto, (max-width: 201px) 100vw, 201px\" \/>\t\t\t\t\t\t\n\t\t\t\t\t<\/div>\n\t\t\t\t\t\t\t\t\n<style>\n#image_1982150369 {\n  width: 85%;\n}\n@media (min-width:550px) {\n  #image_1982150369 {\n    width: 60%;\n  }\n}\n<\/style>\n\t<\/div>\n\t\n\n\n\t\t<\/div>\n\t\t\t\t\t<\/div>\n\n\t\n\n<\/div>\n\n\t\t<\/div>\n\n\t\t\n<style>\n#section_364611742 {\n  padding-top: 0px;\n  padding-bottom: 0px;\n  margin-bottom: 15px;\n}\n#section_364611742 .ux-shape-divider--top svg {\n  height: 150px;\n  --divider-top-width: 100%;\n}\n#section_364611742 .ux-shape-divider--bottom svg {\n  height: 150px;\n  --divider-width: 100%;\n}\n@media (min-width:550px) {\n  #section_364611742 {\n    padding-top: 14px;\n    padding-bottom: 14px;\n  }\n}\n<\/style>\n\t<\/section>\n\t\n","protected":false},"featured_media":9129,"comment_status":"closed","ping_status":"closed","template":"","meta":{"_acf_changed":false},"product_cat":[91,92],"product_tag":[],"class_list":["post-7792","product","type-product","status-publish","has-post-thumbnail","hentry","product_cat-fertilidade","product_cat-pcos"],"acf":[],"yoast_head":"<!-- This site is optimized with the Yoast SEO plugin v27.2 - https:\/\/yoast.com\/product\/yoast-seo-wordpress\/ -->\n<title>Comprar Concevit\u00ae Gravidez - Laborat\u00f3rios Niam<\/title>\n<meta name=\"description\" content=\"Concevit\u00ae \u00e9 um complemento alimentar que aporta \u00c1cido F\u00f3lico, Ferro e 16 vitaminas e minerais mais para uma gravidez saud\u00e1vel. Compre em Laborat\u00f3rios Niam!\" \/>\n<meta name=\"robots\" content=\"index, follow, max-snippet:-1, max-image-preview:large, max-video-preview:-1\" \/>\n<link rel=\"canonical\" href=\"https:\/\/laboratoriosniam.com\/pt\/produto\/concevit-gravidez\/\" \/>\n<meta property=\"og:locale\" content=\"pt_PT\" \/>\n<meta property=\"og:type\" content=\"article\" \/>\n<meta property=\"og:title\" content=\"Comprar Concevit\u00ae Gravidez - Laborat\u00f3rios Niam\" \/>\n<meta property=\"og:description\" content=\"Concevit\u00ae \u00e9 um complemento alimentar que aporta \u00c1cido F\u00f3lico, Ferro e 16 vitaminas e minerais mais para uma gravidez saud\u00e1vel. Compre em Laborat\u00f3rios Niam!\" \/>\n<meta property=\"og:url\" content=\"https:\/\/laboratoriosniam.com\/pt\/produto\/concevit-gravidez\/\" \/>\n<meta property=\"og:site_name\" content=\"Laborat\u00f3rios Niam Portugal\" \/>\n<meta property=\"article:modified_time\" content=\"2026-05-08T17:13:50+00:00\" \/>\n<meta property=\"og:image\" content=\"https:\/\/laboratoriosniam.com\/pt\/wp-content\/uploads\/2022\/02\/MM-PLP-concevit-producto006_pt_.jpg\" \/>\n\t<meta property=\"og:image:width\" content=\"1200\" \/>\n\t<meta property=\"og:image:height\" content=\"1200\" \/>\n\t<meta property=\"og:image:type\" content=\"image\/jpeg\" \/>\n<meta name=\"twitter:card\" content=\"summary_large_image\" \/>\n<meta name=\"twitter:label1\" content=\"Tempo estimado de leitura\" \/>\n\t<meta name=\"twitter:data1\" content=\"1 minuto\" \/>\n<script type=\"application\/ld+json\" class=\"yoast-schema-graph\">{\"@context\":\"https:\/\/schema.org\",\"@graph\":[{\"@type\":\"WebPage\",\"@id\":\"https:\/\/laboratoriosniam.com\/pt\/produto\/concevit-gravidez\/\",\"url\":\"https:\/\/laboratoriosniam.com\/pt\/produto\/concevit-gravidez\/\",\"name\":\"Comprar Concevit\u00ae Gravidez - Laborat\u00f3rios Niam\",\"isPartOf\":{\"@id\":\"https:\/\/laboratoriosniam.com\/pt\/#website\"},\"primaryImageOfPage\":{\"@id\":\"https:\/\/laboratoriosniam.com\/pt\/produto\/concevit-gravidez\/#primaryimage\"},\"image\":{\"@id\":\"https:\/\/laboratoriosniam.com\/pt\/produto\/concevit-gravidez\/#primaryimage\"},\"thumbnailUrl\":\"https:\/\/laboratoriosniam.com\/pt\/wp-content\/uploads\/2022\/02\/MM-PLP-concevit-producto006_pt_.jpg\",\"datePublished\":\"2022-01-07T18:55:52+00:00\",\"dateModified\":\"2026-05-08T17:13:50+00:00\",\"description\":\"Concevit\u00ae \u00e9 um complemento alimentar que aporta \u00c1cido F\u00f3lico, Ferro e 16 vitaminas e minerais mais para uma gravidez saud\u00e1vel. Compre em Laborat\u00f3rios Niam!\",\"breadcrumb\":{\"@id\":\"https:\/\/laboratoriosniam.com\/pt\/produto\/concevit-gravidez\/#breadcrumb\"},\"inLanguage\":\"pt-PT\",\"potentialAction\":[{\"@type\":\"ReadAction\",\"target\":[\"https:\/\/laboratoriosniam.com\/pt\/produto\/concevit-gravidez\/\"]}]},{\"@type\":\"ImageObject\",\"inLanguage\":\"pt-PT\",\"@id\":\"https:\/\/laboratoriosniam.com\/pt\/produto\/concevit-gravidez\/#primaryimage\",\"url\":\"https:\/\/laboratoriosniam.com\/pt\/wp-content\/uploads\/2022\/02\/MM-PLP-concevit-producto006_pt_.jpg\",\"contentUrl\":\"https:\/\/laboratoriosniam.com\/pt\/wp-content\/uploads\/2022\/02\/MM-PLP-concevit-producto006_pt_.jpg\",\"width\":1200,\"height\":1200,\"caption\":\"Concevit - Laborat\u00f3rios Niam\"},{\"@type\":\"BreadcrumbList\",\"@id\":\"https:\/\/laboratoriosniam.com\/pt\/produto\/concevit-gravidez\/#breadcrumb\",\"itemListElement\":[{\"@type\":\"ListItem\",\"position\":1,\"name\":\"In\u00edcio\",\"item\":\"https:\/\/laboratoriosniam.com\/pt\/\"},{\"@type\":\"ListItem\",\"position\":2,\"name\":\"Loja Online\",\"item\":\"https:\/\/laboratoriosniam.com\/pt\/loja-online\/\"},{\"@type\":\"ListItem\",\"position\":3,\"name\":\"Fertilidade\",\"item\":\"https:\/\/laboratoriosniam.com\/pt\/categoria-produto\/fertilidade\/\"},{\"@type\":\"ListItem\",\"position\":4,\"name\":\"Concevit\u00ae Gravidez\"}]},{\"@type\":\"WebSite\",\"@id\":\"https:\/\/laboratoriosniam.com\/pt\/#website\",\"url\":\"https:\/\/laboratoriosniam.com\/pt\/\",\"name\":\"Laborat\u00f3rios Niam Portugal\",\"description\":\"Suplementos alimentares - efic\u00e1cia natural\",\"publisher\":{\"@id\":\"https:\/\/laboratoriosniam.com\/pt\/#organization\"},\"potentialAction\":[{\"@type\":\"SearchAction\",\"target\":{\"@type\":\"EntryPoint\",\"urlTemplate\":\"https:\/\/laboratoriosniam.com\/pt\/?s={search_term_string}\"},\"query-input\":{\"@type\":\"PropertyValueSpecification\",\"valueRequired\":true,\"valueName\":\"search_term_string\"}}],\"inLanguage\":\"pt-PT\"},{\"@type\":\"Organization\",\"@id\":\"https:\/\/laboratoriosniam.com\/pt\/#organization\",\"name\":\"Laboratorios NIAM\",\"url\":\"https:\/\/laboratoriosniam.com\/pt\/\",\"logo\":{\"@type\":\"ImageObject\",\"inLanguage\":\"pt-PT\",\"@id\":\"https:\/\/laboratoriosniam.com\/pt\/#\/schema\/logo\/image\/\",\"url\":\"\",\"contentUrl\":\"\",\"caption\":\"Laboratorios NIAM\"},\"image\":{\"@id\":\"https:\/\/laboratoriosniam.com\/pt\/#\/schema\/logo\/image\/\"}}]}<\/script>\n<!-- \/ Yoast SEO plugin. -->","yoast_head_json":{"title":"Comprar Concevit\u00ae Gravidez - Laborat\u00f3rios Niam","description":"Concevit\u00ae \u00e9 um complemento alimentar que aporta \u00c1cido F\u00f3lico, Ferro e 16 vitaminas e minerais mais para uma gravidez saud\u00e1vel. Compre em Laborat\u00f3rios Niam!","robots":{"index":"index","follow":"follow","max-snippet":"max-snippet:-1","max-image-preview":"max-image-preview:large","max-video-preview":"max-video-preview:-1"},"canonical":"https:\/\/laboratoriosniam.com\/pt\/produto\/concevit-gravidez\/","og_locale":"pt_PT","og_type":"article","og_title":"Comprar Concevit\u00ae Gravidez - Laborat\u00f3rios Niam","og_description":"Concevit\u00ae \u00e9 um complemento alimentar que aporta \u00c1cido F\u00f3lico, Ferro e 16 vitaminas e minerais mais para uma gravidez saud\u00e1vel. Compre em Laborat\u00f3rios Niam!","og_url":"https:\/\/laboratoriosniam.com\/pt\/produto\/concevit-gravidez\/","og_site_name":"Laborat\u00f3rios Niam Portugal","article_modified_time":"2026-05-08T17:13:50+00:00","og_image":[{"width":1200,"height":1200,"url":"https:\/\/laboratoriosniam.com\/pt\/wp-content\/uploads\/2022\/02\/MM-PLP-concevit-producto006_pt_.jpg","type":"image\/jpeg"}],"twitter_card":"summary_large_image","twitter_misc":{"Tempo estimado de leitura":"1 minuto"},"schema":{"@context":"https:\/\/schema.org","@graph":[{"@type":"WebPage","@id":"https:\/\/laboratoriosniam.com\/pt\/produto\/concevit-gravidez\/","url":"https:\/\/laboratoriosniam.com\/pt\/produto\/concevit-gravidez\/","name":"Comprar Concevit\u00ae Gravidez - Laborat\u00f3rios Niam","isPartOf":{"@id":"https:\/\/laboratoriosniam.com\/pt\/#website"},"primaryImageOfPage":{"@id":"https:\/\/laboratoriosniam.com\/pt\/produto\/concevit-gravidez\/#primaryimage"},"image":{"@id":"https:\/\/laboratoriosniam.com\/pt\/produto\/concevit-gravidez\/#primaryimage"},"thumbnailUrl":"https:\/\/laboratoriosniam.com\/pt\/wp-content\/uploads\/2022\/02\/MM-PLP-concevit-producto006_pt_.jpg","datePublished":"2022-01-07T18:55:52+00:00","dateModified":"2026-05-08T17:13:50+00:00","description":"Concevit\u00ae \u00e9 um complemento alimentar que aporta \u00c1cido F\u00f3lico, Ferro e 16 vitaminas e minerais mais para uma gravidez saud\u00e1vel. Compre em Laborat\u00f3rios Niam!","breadcrumb":{"@id":"https:\/\/laboratoriosniam.com\/pt\/produto\/concevit-gravidez\/#breadcrumb"},"inLanguage":"pt-PT","potentialAction":[{"@type":"ReadAction","target":["https:\/\/laboratoriosniam.com\/pt\/produto\/concevit-gravidez\/"]}]},{"@type":"ImageObject","inLanguage":"pt-PT","@id":"https:\/\/laboratoriosniam.com\/pt\/produto\/concevit-gravidez\/#primaryimage","url":"https:\/\/laboratoriosniam.com\/pt\/wp-content\/uploads\/2022\/02\/MM-PLP-concevit-producto006_pt_.jpg","contentUrl":"https:\/\/laboratoriosniam.com\/pt\/wp-content\/uploads\/2022\/02\/MM-PLP-concevit-producto006_pt_.jpg","width":1200,"height":1200,"caption":"Concevit - Laborat\u00f3rios Niam"},{"@type":"BreadcrumbList","@id":"https:\/\/laboratoriosniam.com\/pt\/produto\/concevit-gravidez\/#breadcrumb","itemListElement":[{"@type":"ListItem","position":1,"name":"In\u00edcio","item":"https:\/\/laboratoriosniam.com\/pt\/"},{"@type":"ListItem","position":2,"name":"Loja Online","item":"https:\/\/laboratoriosniam.com\/pt\/loja-online\/"},{"@type":"ListItem","position":3,"name":"Fertilidade","item":"https:\/\/laboratoriosniam.com\/pt\/categoria-produto\/fertilidade\/"},{"@type":"ListItem","position":4,"name":"Concevit\u00ae Gravidez"}]},{"@type":"WebSite","@id":"https:\/\/laboratoriosniam.com\/pt\/#website","url":"https:\/\/laboratoriosniam.com\/pt\/","name":"Laborat\u00f3rios Niam Portugal","description":"Suplementos alimentares - efic\u00e1cia natural","publisher":{"@id":"https:\/\/laboratoriosniam.com\/pt\/#organization"},"potentialAction":[{"@type":"SearchAction","target":{"@type":"EntryPoint","urlTemplate":"https:\/\/laboratoriosniam.com\/pt\/?s={search_term_string}"},"query-input":{"@type":"PropertyValueSpecification","valueRequired":true,"valueName":"search_term_string"}}],"inLanguage":"pt-PT"},{"@type":"Organization","@id":"https:\/\/laboratoriosniam.com\/pt\/#organization","name":"Laboratorios NIAM","url":"https:\/\/laboratoriosniam.com\/pt\/","logo":{"@type":"ImageObject","inLanguage":"pt-PT","@id":"https:\/\/laboratoriosniam.com\/pt\/#\/schema\/logo\/image\/","url":"","contentUrl":"","caption":"Laboratorios NIAM"},"image":{"@id":"https:\/\/laboratoriosniam.com\/pt\/#\/schema\/logo\/image\/"}}]}},"_links":{"self":[{"href":"https:\/\/laboratoriosniam.com\/pt\/wp-json\/wp\/v2\/product\/7792","targetHints":{"allow":["GET"]}}],"collection":[{"href":"https:\/\/laboratoriosniam.com\/pt\/wp-json\/wp\/v2\/product"}],"about":[{"href":"https:\/\/laboratoriosniam.com\/pt\/wp-json\/wp\/v2\/types\/product"}],"replies":[{"embeddable":true,"href":"https:\/\/laboratoriosniam.com\/pt\/wp-json\/wp\/v2\/comments?post=7792"}],"wp:featuredmedia":[{"embeddable":true,"href":"https:\/\/laboratoriosniam.com\/pt\/wp-json\/wp\/v2\/media\/9129"}],"wp:attachment":[{"href":"https:\/\/laboratoriosniam.com\/pt\/wp-json\/wp\/v2\/media?parent=7792"}],"wp:term":[{"taxonomy":"product_cat","embeddable":true,"href":"https:\/\/laboratoriosniam.com\/pt\/wp-json\/wp\/v2\/product_cat?post=7792"},{"taxonomy":"product_tag","embeddable":true,"href":"https:\/\/laboratoriosniam.com\/pt\/wp-json\/wp\/v2\/product_tag?post=7792"}],"curies":[{"name":"wp","href":"https:\/\/api.w.org\/{rel}","templated":true}]}}