


{"id":7800,"date":"2022-01-25T12:55:03","date_gmt":"2022-01-25T12:55:03","guid":{"rendered":"https:\/\/laboratoriosniam.com\/pt\/?post_type=product&#038;p=7800"},"modified":"2026-04-17T22:05:53","modified_gmt":"2026-04-17T21:05:53","slug":"animafort-multi-capsulas","status":"publish","type":"product","link":"https:\/\/laboratoriosniam.com\/pt\/produto\/animafort-multi-capsulas\/","title":{"rendered":"AnimaFort MULTI\u00ae"},"content":{"rendered":"","protected":false},"excerpt":{"rendered":"<p><span style=\"color: #fea000; font-weight: bold;\">AnimaFort MULTI\u00ae<\/span> e um suplemento alimentar que foi desenvolvido segundo os mais elevados par\u00e2metros de qualidade e de seguran\u00e7a. Contribui<strong> para o equilibrio emocional<\/strong> e ajuda a manter um estado de \u00e2nimo positivo. Ajuda a manter um estado de relaxamento f\u00edsico e mental e a manter o bom humor.<br \/>\nEste suplemento age diretamente no c\u00e9rebro por a\u00e7\u00e3o do efeito ben\u00e9fico do Affron\u00ae e do extrato seco de Griffonia (5-HTP) e esta sua f\u00f3rmula inovadora feita \u00e0 base de<strong> ingredientes de origem 100%<\/strong> natural favorece o seu equil\u00edbrio emocional.<\/p>\n<p><strong>N\u00e3o precisa de receita m\u00e9dica.<\/strong><br \/>\n\t<section class=\"section sin-padding\" id=\"section_1897399807\">\n\t\t<div class=\"bg section-bg fill bg-fill bg-loaded bg-loaded\" >\n\n\t\t\t\n\t\t\t\n\t\t\t\n\n\t\t<\/div>\n\n\t\t\n\n\t\t<div class=\"section-content relative\">\n\t\t\t\n\n<div class=\"row row-small\"  id=\"row-1948675065\">\n\n\n\t<div id=\"col-1725864748\" class=\"col medium-3 small-3 large-3\"  >\n\t\t\t\t<div class=\"col-inner text-center\"  >\n\t\t\t\n\t\t\t\n\n\t<div class=\"img has-hover x md-x lg-x y md-y lg-y\" id=\"image_111083412\">\n\t\t\t\t\t\t\t\t<div class=\"img-inner dark\" >\n\t\t\t<img width=\"201\" height=\"201\" src=\"https:\/\/laboratoriosniam.com\/pt\/wp-content\/uploads\/2022\/01\/Origem_natural_pcos_PT.png\" class=\"attachment-original size-original\" alt=\"Origem natural\" decoding=\"async\" loading=\"lazy\" srcset=\"https:\/\/laboratoriosniam.com\/pt\/wp-content\/uploads\/2022\/01\/Origem_natural_pcos_PT.png 201w, https:\/\/laboratoriosniam.com\/pt\/wp-content\/uploads\/2022\/01\/Origem_natural_pcos_PT-100x100.png 100w\" sizes=\"auto, (max-width: 201px) 100vw, 201px\" \/>\t\t\t\t\t\t\n\t\t\t\t\t<\/div>\n\t\t\t\t\t\t\t\t\n<style>\n#image_111083412 {\n  width: 85%;\n}\n@media (min-width:550px) {\n  #image_111083412 {\n    width: 60%;\n  }\n}\n<\/style>\n\t<\/div>\n\t\n\n\n\t\t<\/div>\n\t\t\t\t\t<\/div>\n\n\t\n\n\t<div id=\"col-962911080\" class=\"col medium-3 small-3 large-3\"  >\n\t\t\t\t<div class=\"col-inner text-center\"  >\n\t\t\t\n\t\t\t\n\n\t<div class=\"img has-hover x md-x lg-x y md-y lg-y\" id=\"image_474647005\">\n\t\t\t\t\t\t\t\t<div class=\"img-inner dark\" >\n\t\t\t<img width=\"201\" height=\"201\" src=\"https:\/\/laboratoriosniam.com\/pt\/wp-content\/uploads\/2022\/01\/Sem_gluten_pcos_PT.png\" class=\"attachment-original size-original\" alt=\"Sem gluten\" decoding=\"async\" loading=\"lazy\" srcset=\"https:\/\/laboratoriosniam.com\/pt\/wp-content\/uploads\/2022\/01\/Sem_gluten_pcos_PT.png 201w, https:\/\/laboratoriosniam.com\/pt\/wp-content\/uploads\/2022\/01\/Sem_gluten_pcos_PT-100x100.png 100w\" sizes=\"auto, (max-width: 201px) 100vw, 201px\" \/>\t\t\t\t\t\t\n\t\t\t\t\t<\/div>\n\t\t\t\t\t\t\t\t\n<style>\n#image_474647005 {\n  width: 85%;\n}\n@media (min-width:550px) {\n  #image_474647005 {\n    width: 60%;\n  }\n}\n<\/style>\n\t<\/div>\n\t\n\n\n\t\t<\/div>\n\t\t\t\t\t<\/div>\n\n\t\n\n\t<div id=\"col-1387442692\" class=\"col medium-3 small-3 large-3\"  >\n\t\t\t\t<div class=\"col-inner text-center\"  >\n\t\t\t\n\t\t\t\n\n\t<div class=\"img has-hover x md-x lg-x y md-y lg-y\" id=\"image_647563477\">\n\t\t\t\t\t\t\t\t<div class=\"img-inner dark\" >\n\t\t\t<img width=\"201\" height=\"201\" src=\"https:\/\/laboratoriosniam.com\/pt\/wp-content\/uploads\/2022\/01\/SEM_A.png\" class=\"attachment-original size-original\" alt=\"Sem adi\u00e7\u00e3o de a\u00e7\u00facares\" decoding=\"async\" loading=\"lazy\" srcset=\"https:\/\/laboratoriosniam.com\/pt\/wp-content\/uploads\/2022\/01\/SEM_A.png 201w, https:\/\/laboratoriosniam.com\/pt\/wp-content\/uploads\/2022\/01\/SEM_A-100x100.png 100w\" sizes=\"auto, (max-width: 201px) 100vw, 201px\" \/>\t\t\t\t\t\t\n\t\t\t\t\t<\/div>\n\t\t\t\t\t\t\t\t\n<style>\n#image_647563477 {\n  width: 85%;\n}\n@media (min-width:550px) {\n  #image_647563477 {\n    width: 60%;\n  }\n}\n<\/style>\n\t<\/div>\n\t\n\n\n\t\t<\/div>\n\t\t\t\t\t<\/div>\n\n\t\n\n\t<div id=\"col-1578606909\" class=\"col medium-3 small-3 large-3\"  >\n\t\t\t\t<div class=\"col-inner text-center\"  >\n\t\t\t\n\t\t\t\n\n\t<div class=\"img has-hover x md-x lg-x y md-y lg-y\" id=\"image_1213071061\">\n\t\t\t\t\t\t\t\t<div class=\"img-inner dark\" >\n\t\t\t<img width=\"201\" height=\"201\" src=\"https:\/\/laboratoriosniam.com\/pt\/wp-content\/uploads\/2022\/01\/Sem_lactose_pcos_PT.png\" class=\"attachment-original size-original\" alt=\"Sem lactose\" decoding=\"async\" loading=\"lazy\" srcset=\"https:\/\/laboratoriosniam.com\/pt\/wp-content\/uploads\/2022\/01\/Sem_lactose_pcos_PT.png 201w, https:\/\/laboratoriosniam.com\/pt\/wp-content\/uploads\/2022\/01\/Sem_lactose_pcos_PT-100x100.png 100w\" sizes=\"auto, (max-width: 201px) 100vw, 201px\" \/>\t\t\t\t\t\t\n\t\t\t\t\t<\/div>\n\t\t\t\t\t\t\t\t\n<style>\n#image_1213071061 {\n  width: 85%;\n}\n@media (min-width:550px) {\n  #image_1213071061 {\n    width: 60%;\n  }\n}\n<\/style>\n\t<\/div>\n\t\n\n\n\t\t<\/div>\n\t\t\t\t\t<\/div>\n\n\t\n\n<\/div>\n\n\t\t<\/div>\n\n\t\t\n<style>\n#section_1897399807 {\n  padding-top: 0px;\n  padding-bottom: 0px;\n  margin-bottom: 15px;\n}\n#section_1897399807 .ux-shape-divider--top svg {\n  height: 150px;\n  --divider-top-width: 100%;\n}\n#section_1897399807 .ux-shape-divider--bottom svg {\n  height: 150px;\n  --divider-width: 100%;\n}\n@media (min-width:550px) {\n  #section_1897399807 {\n    padding-top: 14px;\n    padding-bottom: 14px;\n  }\n}\n<\/style>\n\t<\/section>\n\t\n","protected":false},"featured_media":92579,"comment_status":"closed","ping_status":"closed","template":"","meta":{"_acf_changed":false},"product_cat":[93],"product_tag":[],"class_list":["post-7800","product","type-product","status-publish","has-post-thumbnail","hentry","product_cat-ansiedade"],"acf":[],"yoast_head":"<!-- This site is optimized with the Yoast SEO plugin v27.2 - https:\/\/yoast.com\/product\/yoast-seo-wordpress\/ -->\n<title>AnimaFort MULTI\u00ae, combate a ansiedade - Laborat\u00f3rios Niam<\/title>\n<meta name=\"description\" content=\"AnimaFort MULTI\u00ae \u00e9 um complemento de origem natural indicado para ajudar a controlar os sintomas da ansiedade, o stress e depress\u00e3o leve.\" \/>\n<meta name=\"robots\" content=\"index, follow, max-snippet:-1, max-image-preview:large, max-video-preview:-1\" \/>\n<link rel=\"canonical\" href=\"https:\/\/laboratoriosniam.com\/pt\/produto\/animafort-multi-capsulas\/\" \/>\n<meta property=\"og:locale\" content=\"pt_PT\" \/>\n<meta property=\"og:type\" content=\"article\" \/>\n<meta property=\"og:title\" content=\"AnimaFort MULTI\u00ae, combate a ansiedade - Laborat\u00f3rios Niam\" \/>\n<meta property=\"og:description\" content=\"AnimaFort MULTI\u00ae \u00e9 um complemento de origem natural indicado para ajudar a controlar os sintomas da ansiedade, o stress e depress\u00e3o leve.\" \/>\n<meta property=\"og:url\" content=\"https:\/\/laboratoriosniam.com\/pt\/produto\/animafort-multi-capsulas\/\" \/>\n<meta property=\"og:site_name\" content=\"Laborat\u00f3rios Niam Portugal\" \/>\n<meta property=\"article:modified_time\" content=\"2026-04-17T21:05:53+00:00\" \/>\n<meta property=\"og:image\" content=\"https:\/\/laboratoriosniam.com\/pt\/wp-content\/uploads\/2022\/01\/AnimafortMulti-capsulas-equilibrio-emocional.jpg\" \/>\n\t<meta property=\"og:image:width\" content=\"1024\" \/>\n\t<meta property=\"og:image:height\" content=\"1024\" \/>\n\t<meta property=\"og:image:type\" content=\"image\/jpeg\" \/>\n<meta name=\"twitter:card\" content=\"summary_large_image\" \/>\n<meta name=\"twitter:label1\" content=\"Tempo estimado de leitura\" \/>\n\t<meta name=\"twitter:data1\" content=\"1 minuto\" \/>\n<script type=\"application\/ld+json\" class=\"yoast-schema-graph\">{\"@context\":\"https:\/\/schema.org\",\"@graph\":[{\"@type\":\"WebPage\",\"@id\":\"https:\/\/laboratoriosniam.com\/pt\/produto\/animafort-multi-capsulas\/\",\"url\":\"https:\/\/laboratoriosniam.com\/pt\/produto\/animafort-multi-capsulas\/\",\"name\":\"AnimaFort MULTI\u00ae, combate a ansiedade - Laborat\u00f3rios Niam\",\"isPartOf\":{\"@id\":\"https:\/\/laboratoriosniam.com\/pt\/#website\"},\"primaryImageOfPage\":{\"@id\":\"https:\/\/laboratoriosniam.com\/pt\/produto\/animafort-multi-capsulas\/#primaryimage\"},\"image\":{\"@id\":\"https:\/\/laboratoriosniam.com\/pt\/produto\/animafort-multi-capsulas\/#primaryimage\"},\"thumbnailUrl\":\"https:\/\/laboratoriosniam.com\/pt\/wp-content\/uploads\/2022\/01\/AnimafortMulti-capsulas-equilibrio-emocional.jpg\",\"datePublished\":\"2022-01-25T12:55:03+00:00\",\"dateModified\":\"2026-04-17T21:05:53+00:00\",\"description\":\"AnimaFort MULTI\u00ae \u00e9 um complemento de origem natural indicado para ajudar a controlar os sintomas da ansiedade, o stress e depress\u00e3o leve.\",\"breadcrumb\":{\"@id\":\"https:\/\/laboratoriosniam.com\/pt\/produto\/animafort-multi-capsulas\/#breadcrumb\"},\"inLanguage\":\"pt-PT\",\"potentialAction\":[{\"@type\":\"ReadAction\",\"target\":[\"https:\/\/laboratoriosniam.com\/pt\/produto\/animafort-multi-capsulas\/\"]}]},{\"@type\":\"ImageObject\",\"inLanguage\":\"pt-PT\",\"@id\":\"https:\/\/laboratoriosniam.com\/pt\/produto\/animafort-multi-capsulas\/#primaryimage\",\"url\":\"https:\/\/laboratoriosniam.com\/pt\/wp-content\/uploads\/2022\/01\/AnimafortMulti-capsulas-equilibrio-emocional.jpg\",\"contentUrl\":\"https:\/\/laboratoriosniam.com\/pt\/wp-content\/uploads\/2022\/01\/AnimafortMulti-capsulas-equilibrio-emocional.jpg\",\"width\":1024,\"height\":1024,\"caption\":\"Animafort Multi - capsulas - Equilibrio emocional\"},{\"@type\":\"BreadcrumbList\",\"@id\":\"https:\/\/laboratoriosniam.com\/pt\/produto\/animafort-multi-capsulas\/#breadcrumb\",\"itemListElement\":[{\"@type\":\"ListItem\",\"position\":1,\"name\":\"In\u00edcio\",\"item\":\"https:\/\/laboratoriosniam.com\/pt\/\"},{\"@type\":\"ListItem\",\"position\":2,\"name\":\"Loja Online\",\"item\":\"https:\/\/laboratoriosniam.com\/pt\/loja-online\/\"},{\"@type\":\"ListItem\",\"position\":3,\"name\":\"Ansiedade\",\"item\":\"https:\/\/laboratoriosniam.com\/pt\/categoria-produto\/ansiedade\/\"},{\"@type\":\"ListItem\",\"position\":4,\"name\":\"AnimaFort MULTI\u00ae\"}]},{\"@type\":\"WebSite\",\"@id\":\"https:\/\/laboratoriosniam.com\/pt\/#website\",\"url\":\"https:\/\/laboratoriosniam.com\/pt\/\",\"name\":\"Laborat\u00f3rios Niam Portugal\",\"description\":\"Suplementos alimentares - efic\u00e1cia natural\",\"publisher\":{\"@id\":\"https:\/\/laboratoriosniam.com\/pt\/#organization\"},\"potentialAction\":[{\"@type\":\"SearchAction\",\"target\":{\"@type\":\"EntryPoint\",\"urlTemplate\":\"https:\/\/laboratoriosniam.com\/pt\/?s={search_term_string}\"},\"query-input\":{\"@type\":\"PropertyValueSpecification\",\"valueRequired\":true,\"valueName\":\"search_term_string\"}}],\"inLanguage\":\"pt-PT\"},{\"@type\":\"Organization\",\"@id\":\"https:\/\/laboratoriosniam.com\/pt\/#organization\",\"name\":\"Laboratorios NIAM\",\"url\":\"https:\/\/laboratoriosniam.com\/pt\/\",\"logo\":{\"@type\":\"ImageObject\",\"inLanguage\":\"pt-PT\",\"@id\":\"https:\/\/laboratoriosniam.com\/pt\/#\/schema\/logo\/image\/\",\"url\":\"\",\"contentUrl\":\"\",\"caption\":\"Laboratorios NIAM\"},\"image\":{\"@id\":\"https:\/\/laboratoriosniam.com\/pt\/#\/schema\/logo\/image\/\"}}]}<\/script>\n<!-- \/ Yoast SEO plugin. -->","yoast_head_json":{"title":"AnimaFort MULTI\u00ae, combate a ansiedade - Laborat\u00f3rios Niam","description":"AnimaFort MULTI\u00ae \u00e9 um complemento de origem natural indicado para ajudar a controlar os sintomas da ansiedade, o stress e depress\u00e3o leve.","robots":{"index":"index","follow":"follow","max-snippet":"max-snippet:-1","max-image-preview":"max-image-preview:large","max-video-preview":"max-video-preview:-1"},"canonical":"https:\/\/laboratoriosniam.com\/pt\/produto\/animafort-multi-capsulas\/","og_locale":"pt_PT","og_type":"article","og_title":"AnimaFort MULTI\u00ae, combate a ansiedade - Laborat\u00f3rios Niam","og_description":"AnimaFort MULTI\u00ae \u00e9 um complemento de origem natural indicado para ajudar a controlar os sintomas da ansiedade, o stress e depress\u00e3o leve.","og_url":"https:\/\/laboratoriosniam.com\/pt\/produto\/animafort-multi-capsulas\/","og_site_name":"Laborat\u00f3rios Niam Portugal","article_modified_time":"2026-04-17T21:05:53+00:00","og_image":[{"width":1024,"height":1024,"url":"https:\/\/laboratoriosniam.com\/pt\/wp-content\/uploads\/2022\/01\/AnimafortMulti-capsulas-equilibrio-emocional.jpg","type":"image\/jpeg"}],"twitter_card":"summary_large_image","twitter_misc":{"Tempo estimado de leitura":"1 minuto"},"schema":{"@context":"https:\/\/schema.org","@graph":[{"@type":"WebPage","@id":"https:\/\/laboratoriosniam.com\/pt\/produto\/animafort-multi-capsulas\/","url":"https:\/\/laboratoriosniam.com\/pt\/produto\/animafort-multi-capsulas\/","name":"AnimaFort MULTI\u00ae, combate a ansiedade - Laborat\u00f3rios Niam","isPartOf":{"@id":"https:\/\/laboratoriosniam.com\/pt\/#website"},"primaryImageOfPage":{"@id":"https:\/\/laboratoriosniam.com\/pt\/produto\/animafort-multi-capsulas\/#primaryimage"},"image":{"@id":"https:\/\/laboratoriosniam.com\/pt\/produto\/animafort-multi-capsulas\/#primaryimage"},"thumbnailUrl":"https:\/\/laboratoriosniam.com\/pt\/wp-content\/uploads\/2022\/01\/AnimafortMulti-capsulas-equilibrio-emocional.jpg","datePublished":"2022-01-25T12:55:03+00:00","dateModified":"2026-04-17T21:05:53+00:00","description":"AnimaFort MULTI\u00ae \u00e9 um complemento de origem natural indicado para ajudar a controlar os sintomas da ansiedade, o stress e depress\u00e3o leve.","breadcrumb":{"@id":"https:\/\/laboratoriosniam.com\/pt\/produto\/animafort-multi-capsulas\/#breadcrumb"},"inLanguage":"pt-PT","potentialAction":[{"@type":"ReadAction","target":["https:\/\/laboratoriosniam.com\/pt\/produto\/animafort-multi-capsulas\/"]}]},{"@type":"ImageObject","inLanguage":"pt-PT","@id":"https:\/\/laboratoriosniam.com\/pt\/produto\/animafort-multi-capsulas\/#primaryimage","url":"https:\/\/laboratoriosniam.com\/pt\/wp-content\/uploads\/2022\/01\/AnimafortMulti-capsulas-equilibrio-emocional.jpg","contentUrl":"https:\/\/laboratoriosniam.com\/pt\/wp-content\/uploads\/2022\/01\/AnimafortMulti-capsulas-equilibrio-emocional.jpg","width":1024,"height":1024,"caption":"Animafort Multi - capsulas - Equilibrio emocional"},{"@type":"BreadcrumbList","@id":"https:\/\/laboratoriosniam.com\/pt\/produto\/animafort-multi-capsulas\/#breadcrumb","itemListElement":[{"@type":"ListItem","position":1,"name":"In\u00edcio","item":"https:\/\/laboratoriosniam.com\/pt\/"},{"@type":"ListItem","position":2,"name":"Loja Online","item":"https:\/\/laboratoriosniam.com\/pt\/loja-online\/"},{"@type":"ListItem","position":3,"name":"Ansiedade","item":"https:\/\/laboratoriosniam.com\/pt\/categoria-produto\/ansiedade\/"},{"@type":"ListItem","position":4,"name":"AnimaFort MULTI\u00ae"}]},{"@type":"WebSite","@id":"https:\/\/laboratoriosniam.com\/pt\/#website","url":"https:\/\/laboratoriosniam.com\/pt\/","name":"Laborat\u00f3rios Niam Portugal","description":"Suplementos alimentares - efic\u00e1cia natural","publisher":{"@id":"https:\/\/laboratoriosniam.com\/pt\/#organization"},"potentialAction":[{"@type":"SearchAction","target":{"@type":"EntryPoint","urlTemplate":"https:\/\/laboratoriosniam.com\/pt\/?s={search_term_string}"},"query-input":{"@type":"PropertyValueSpecification","valueRequired":true,"valueName":"search_term_string"}}],"inLanguage":"pt-PT"},{"@type":"Organization","@id":"https:\/\/laboratoriosniam.com\/pt\/#organization","name":"Laboratorios NIAM","url":"https:\/\/laboratoriosniam.com\/pt\/","logo":{"@type":"ImageObject","inLanguage":"pt-PT","@id":"https:\/\/laboratoriosniam.com\/pt\/#\/schema\/logo\/image\/","url":"","contentUrl":"","caption":"Laboratorios NIAM"},"image":{"@id":"https:\/\/laboratoriosniam.com\/pt\/#\/schema\/logo\/image\/"}}]}},"_links":{"self":[{"href":"https:\/\/laboratoriosniam.com\/pt\/wp-json\/wp\/v2\/product\/7800","targetHints":{"allow":["GET"]}}],"collection":[{"href":"https:\/\/laboratoriosniam.com\/pt\/wp-json\/wp\/v2\/product"}],"about":[{"href":"https:\/\/laboratoriosniam.com\/pt\/wp-json\/wp\/v2\/types\/product"}],"replies":[{"embeddable":true,"href":"https:\/\/laboratoriosniam.com\/pt\/wp-json\/wp\/v2\/comments?post=7800"}],"wp:featuredmedia":[{"embeddable":true,"href":"https:\/\/laboratoriosniam.com\/pt\/wp-json\/wp\/v2\/media\/92579"}],"wp:attachment":[{"href":"https:\/\/laboratoriosniam.com\/pt\/wp-json\/wp\/v2\/media?parent=7800"}],"wp:term":[{"taxonomy":"product_cat","embeddable":true,"href":"https:\/\/laboratoriosniam.com\/pt\/wp-json\/wp\/v2\/product_cat?post=7800"},{"taxonomy":"product_tag","embeddable":true,"href":"https:\/\/laboratoriosniam.com\/pt\/wp-json\/wp\/v2\/product_tag?post=7800"}],"curies":[{"name":"wp","href":"https:\/\/api.w.org\/{rel}","templated":true}]}}