


{"id":80692,"date":"2024-05-06T13:48:36","date_gmt":"2024-05-06T12:48:36","guid":{"rendered":"https:\/\/laboratoriosniam.com\/pt\/?post_type=product&#038;p=80692"},"modified":"2026-05-07T15:30:52","modified_gmt":"2026-05-07T14:30:52","slug":"animafort-cronomag","status":"publish","type":"product","link":"https:\/\/laboratoriosniam.com\/pt\/produto\/animafort-cronomag\/","title":{"rendered":"AnimaFort\u00ae CronoMag"},"content":{"rendered":"","protected":false},"excerpt":{"rendered":"<p>A <strong>fadiga<\/strong>, a <strong>dor de cabe\u00e7a<\/strong> ou a <strong>ansiedade<\/strong> s\u00e3o sinais habituais de um d\u00e9fice de magn\u00e9sio. <strong style=\"color:#81bc00;\">AnimaFort<sup>\u00ae<\/sup> CronoMag<\/strong> combina <strong>6 sais de magn\u00e9sio<\/strong> que destacam pela alta absor\u00e7\u00e3o e por n\u00e3o produzirem efeitos digestivos adversos.<\/p>\n<p>Os sais de magn\u00e9sio presentes no <strong style=\"color:#81bc00;\">AnimaFort<sup>\u00ae<\/sup> CronoMag<\/strong> s\u00e3o absorvidos de maneira eficaz a <strong>n\u00edvel intestinal e cerebral<\/strong>, oferecendo benef\u00edcios que o tornam num complemento de magn\u00e9sio \u00fanico.<\/p>\n","protected":false},"featured_media":81277,"comment_status":"closed","ping_status":"closed","template":"","meta":{"_acf_changed":false},"product_cat":[93],"product_tag":[],"class_list":["post-80692","product","type-product","status-publish","has-post-thumbnail","hentry","product_cat-ansiedade"],"acf":[],"yoast_head":"<!-- This site is optimized with the Yoast SEO plugin v27.2 - https:\/\/yoast.com\/product\/yoast-seo-wordpress\/ -->\n<title>AnimaFort\u00ae CronoMag | Suplemento Natural para o Cansa\u00e7o<\/title>\n<meta name=\"description\" content=\"Suplemento Alimentar Natural de Magn\u00e9sio baseado na Crononutri\u00e7\u00e3o. Ativ@ durante o dia e relaxad@ \u00e0 noite.\" \/>\n<meta name=\"robots\" content=\"index, follow, max-snippet:-1, max-image-preview:large, max-video-preview:-1\" \/>\n<link rel=\"canonical\" href=\"https:\/\/laboratoriosniam.com\/pt\/produto\/animafort-cronomag\/\" \/>\n<meta property=\"og:locale\" content=\"pt_PT\" \/>\n<meta property=\"og:type\" content=\"article\" \/>\n<meta property=\"og:title\" content=\"AnimaFort\u00ae CronoMag | Suplemento Natural para o Cansa\u00e7o\" \/>\n<meta property=\"og:description\" content=\"Suplemento Alimentar Natural de Magn\u00e9sio baseado na Crononutri\u00e7\u00e3o. Ativ@ durante o dia e relaxad@ \u00e0 noite.\" \/>\n<meta property=\"og:url\" content=\"https:\/\/laboratoriosniam.com\/pt\/produto\/animafort-cronomag\/\" \/>\n<meta property=\"og:site_name\" content=\"Laborat\u00f3rios Niam Portugal\" \/>\n<meta property=\"article:modified_time\" content=\"2026-05-07T14:30:52+00:00\" \/>\n<meta property=\"og:image\" content=\"https:\/\/laboratoriosniam.com\/pt\/wp-content\/uploads\/2024\/05\/AnimaCronoMag-PT-jpg.jpg\" \/>\n\t<meta property=\"og:image:width\" content=\"1024\" \/>\n\t<meta property=\"og:image:height\" content=\"1024\" \/>\n\t<meta property=\"og:image:type\" content=\"image\/jpeg\" \/>\n<meta name=\"twitter:card\" content=\"summary_large_image\" \/>\n<meta name=\"twitter:label1\" content=\"Tempo estimado de leitura\" \/>\n\t<meta name=\"twitter:data1\" content=\"1 minuto\" \/>\n<script type=\"application\/ld+json\" class=\"yoast-schema-graph\">{\"@context\":\"https:\/\/schema.org\",\"@graph\":[{\"@type\":\"WebPage\",\"@id\":\"https:\/\/laboratoriosniam.com\/pt\/produto\/animafort-cronomag\/\",\"url\":\"https:\/\/laboratoriosniam.com\/pt\/produto\/animafort-cronomag\/\",\"name\":\"AnimaFort\u00ae CronoMag | Suplemento Natural para o Cansa\u00e7o\",\"isPartOf\":{\"@id\":\"https:\/\/laboratoriosniam.com\/pt\/#website\"},\"primaryImageOfPage\":{\"@id\":\"https:\/\/laboratoriosniam.com\/pt\/produto\/animafort-cronomag\/#primaryimage\"},\"image\":{\"@id\":\"https:\/\/laboratoriosniam.com\/pt\/produto\/animafort-cronomag\/#primaryimage\"},\"thumbnailUrl\":\"https:\/\/laboratoriosniam.com\/pt\/wp-content\/uploads\/2024\/05\/AnimaCronoMag-PT-jpg.jpg\",\"datePublished\":\"2024-05-06T12:48:36+00:00\",\"dateModified\":\"2026-05-07T14:30:52+00:00\",\"description\":\"Suplemento Alimentar Natural de Magn\u00e9sio baseado na Crononutri\u00e7\u00e3o. Ativ@ durante o dia e relaxad@ \u00e0 noite.\",\"breadcrumb\":{\"@id\":\"https:\/\/laboratoriosniam.com\/pt\/produto\/animafort-cronomag\/#breadcrumb\"},\"inLanguage\":\"pt-PT\",\"potentialAction\":[{\"@type\":\"ReadAction\",\"target\":[\"https:\/\/laboratoriosniam.com\/pt\/produto\/animafort-cronomag\/\"]}]},{\"@type\":\"ImageObject\",\"inLanguage\":\"pt-PT\",\"@id\":\"https:\/\/laboratoriosniam.com\/pt\/produto\/animafort-cronomag\/#primaryimage\",\"url\":\"https:\/\/laboratoriosniam.com\/pt\/wp-content\/uploads\/2024\/05\/AnimaCronoMag-PT-jpg.jpg\",\"contentUrl\":\"https:\/\/laboratoriosniam.com\/pt\/wp-content\/uploads\/2024\/05\/AnimaCronoMag-PT-jpg.jpg\",\"width\":1024,\"height\":1024,\"caption\":\"AnimaFort Cronomag com Magn\u00e9sio\"},{\"@type\":\"BreadcrumbList\",\"@id\":\"https:\/\/laboratoriosniam.com\/pt\/produto\/animafort-cronomag\/#breadcrumb\",\"itemListElement\":[{\"@type\":\"ListItem\",\"position\":1,\"name\":\"In\u00edcio\",\"item\":\"https:\/\/laboratoriosniam.com\/pt\/\"},{\"@type\":\"ListItem\",\"position\":2,\"name\":\"Loja Online\",\"item\":\"https:\/\/laboratoriosniam.com\/pt\/loja-online\/\"},{\"@type\":\"ListItem\",\"position\":3,\"name\":\"Ansiedade\",\"item\":\"https:\/\/laboratoriosniam.com\/pt\/categoria-produto\/ansiedade\/\"},{\"@type\":\"ListItem\",\"position\":4,\"name\":\"AnimaFort\u00ae CronoMag\"}]},{\"@type\":\"WebSite\",\"@id\":\"https:\/\/laboratoriosniam.com\/pt\/#website\",\"url\":\"https:\/\/laboratoriosniam.com\/pt\/\",\"name\":\"Laborat\u00f3rios Niam Portugal\",\"description\":\"Suplementos alimentares - efic\u00e1cia natural\",\"publisher\":{\"@id\":\"https:\/\/laboratoriosniam.com\/pt\/#organization\"},\"potentialAction\":[{\"@type\":\"SearchAction\",\"target\":{\"@type\":\"EntryPoint\",\"urlTemplate\":\"https:\/\/laboratoriosniam.com\/pt\/?s={search_term_string}\"},\"query-input\":{\"@type\":\"PropertyValueSpecification\",\"valueRequired\":true,\"valueName\":\"search_term_string\"}}],\"inLanguage\":\"pt-PT\"},{\"@type\":\"Organization\",\"@id\":\"https:\/\/laboratoriosniam.com\/pt\/#organization\",\"name\":\"Laboratorios NIAM\",\"url\":\"https:\/\/laboratoriosniam.com\/pt\/\",\"logo\":{\"@type\":\"ImageObject\",\"inLanguage\":\"pt-PT\",\"@id\":\"https:\/\/laboratoriosniam.com\/pt\/#\/schema\/logo\/image\/\",\"url\":\"\",\"contentUrl\":\"\",\"caption\":\"Laboratorios NIAM\"},\"image\":{\"@id\":\"https:\/\/laboratoriosniam.com\/pt\/#\/schema\/logo\/image\/\"}}]}<\/script>\n<!-- \/ Yoast SEO plugin. -->","yoast_head_json":{"title":"AnimaFort\u00ae CronoMag | Suplemento Natural para o Cansa\u00e7o","description":"Suplemento Alimentar Natural de Magn\u00e9sio baseado na Crononutri\u00e7\u00e3o. Ativ@ durante o dia e relaxad@ \u00e0 noite.","robots":{"index":"index","follow":"follow","max-snippet":"max-snippet:-1","max-image-preview":"max-image-preview:large","max-video-preview":"max-video-preview:-1"},"canonical":"https:\/\/laboratoriosniam.com\/pt\/produto\/animafort-cronomag\/","og_locale":"pt_PT","og_type":"article","og_title":"AnimaFort\u00ae CronoMag | Suplemento Natural para o Cansa\u00e7o","og_description":"Suplemento Alimentar Natural de Magn\u00e9sio baseado na Crononutri\u00e7\u00e3o. Ativ@ durante o dia e relaxad@ \u00e0 noite.","og_url":"https:\/\/laboratoriosniam.com\/pt\/produto\/animafort-cronomag\/","og_site_name":"Laborat\u00f3rios Niam Portugal","article_modified_time":"2026-05-07T14:30:52+00:00","og_image":[{"width":1024,"height":1024,"url":"https:\/\/laboratoriosniam.com\/pt\/wp-content\/uploads\/2024\/05\/AnimaCronoMag-PT-jpg.jpg","type":"image\/jpeg"}],"twitter_card":"summary_large_image","twitter_misc":{"Tempo estimado de leitura":"1 minuto"},"schema":{"@context":"https:\/\/schema.org","@graph":[{"@type":"WebPage","@id":"https:\/\/laboratoriosniam.com\/pt\/produto\/animafort-cronomag\/","url":"https:\/\/laboratoriosniam.com\/pt\/produto\/animafort-cronomag\/","name":"AnimaFort\u00ae CronoMag | Suplemento Natural para o Cansa\u00e7o","isPartOf":{"@id":"https:\/\/laboratoriosniam.com\/pt\/#website"},"primaryImageOfPage":{"@id":"https:\/\/laboratoriosniam.com\/pt\/produto\/animafort-cronomag\/#primaryimage"},"image":{"@id":"https:\/\/laboratoriosniam.com\/pt\/produto\/animafort-cronomag\/#primaryimage"},"thumbnailUrl":"https:\/\/laboratoriosniam.com\/pt\/wp-content\/uploads\/2024\/05\/AnimaCronoMag-PT-jpg.jpg","datePublished":"2024-05-06T12:48:36+00:00","dateModified":"2026-05-07T14:30:52+00:00","description":"Suplemento Alimentar Natural de Magn\u00e9sio baseado na Crononutri\u00e7\u00e3o. Ativ@ durante o dia e relaxad@ \u00e0 noite.","breadcrumb":{"@id":"https:\/\/laboratoriosniam.com\/pt\/produto\/animafort-cronomag\/#breadcrumb"},"inLanguage":"pt-PT","potentialAction":[{"@type":"ReadAction","target":["https:\/\/laboratoriosniam.com\/pt\/produto\/animafort-cronomag\/"]}]},{"@type":"ImageObject","inLanguage":"pt-PT","@id":"https:\/\/laboratoriosniam.com\/pt\/produto\/animafort-cronomag\/#primaryimage","url":"https:\/\/laboratoriosniam.com\/pt\/wp-content\/uploads\/2024\/05\/AnimaCronoMag-PT-jpg.jpg","contentUrl":"https:\/\/laboratoriosniam.com\/pt\/wp-content\/uploads\/2024\/05\/AnimaCronoMag-PT-jpg.jpg","width":1024,"height":1024,"caption":"AnimaFort Cronomag com Magn\u00e9sio"},{"@type":"BreadcrumbList","@id":"https:\/\/laboratoriosniam.com\/pt\/produto\/animafort-cronomag\/#breadcrumb","itemListElement":[{"@type":"ListItem","position":1,"name":"In\u00edcio","item":"https:\/\/laboratoriosniam.com\/pt\/"},{"@type":"ListItem","position":2,"name":"Loja Online","item":"https:\/\/laboratoriosniam.com\/pt\/loja-online\/"},{"@type":"ListItem","position":3,"name":"Ansiedade","item":"https:\/\/laboratoriosniam.com\/pt\/categoria-produto\/ansiedade\/"},{"@type":"ListItem","position":4,"name":"AnimaFort\u00ae CronoMag"}]},{"@type":"WebSite","@id":"https:\/\/laboratoriosniam.com\/pt\/#website","url":"https:\/\/laboratoriosniam.com\/pt\/","name":"Laborat\u00f3rios Niam Portugal","description":"Suplementos alimentares - efic\u00e1cia natural","publisher":{"@id":"https:\/\/laboratoriosniam.com\/pt\/#organization"},"potentialAction":[{"@type":"SearchAction","target":{"@type":"EntryPoint","urlTemplate":"https:\/\/laboratoriosniam.com\/pt\/?s={search_term_string}"},"query-input":{"@type":"PropertyValueSpecification","valueRequired":true,"valueName":"search_term_string"}}],"inLanguage":"pt-PT"},{"@type":"Organization","@id":"https:\/\/laboratoriosniam.com\/pt\/#organization","name":"Laboratorios NIAM","url":"https:\/\/laboratoriosniam.com\/pt\/","logo":{"@type":"ImageObject","inLanguage":"pt-PT","@id":"https:\/\/laboratoriosniam.com\/pt\/#\/schema\/logo\/image\/","url":"","contentUrl":"","caption":"Laboratorios NIAM"},"image":{"@id":"https:\/\/laboratoriosniam.com\/pt\/#\/schema\/logo\/image\/"}}]}},"_links":{"self":[{"href":"https:\/\/laboratoriosniam.com\/pt\/wp-json\/wp\/v2\/product\/80692","targetHints":{"allow":["GET"]}}],"collection":[{"href":"https:\/\/laboratoriosniam.com\/pt\/wp-json\/wp\/v2\/product"}],"about":[{"href":"https:\/\/laboratoriosniam.com\/pt\/wp-json\/wp\/v2\/types\/product"}],"replies":[{"embeddable":true,"href":"https:\/\/laboratoriosniam.com\/pt\/wp-json\/wp\/v2\/comments?post=80692"}],"wp:featuredmedia":[{"embeddable":true,"href":"https:\/\/laboratoriosniam.com\/pt\/wp-json\/wp\/v2\/media\/81277"}],"wp:attachment":[{"href":"https:\/\/laboratoriosniam.com\/pt\/wp-json\/wp\/v2\/media?parent=80692"}],"wp:term":[{"taxonomy":"product_cat","embeddable":true,"href":"https:\/\/laboratoriosniam.com\/pt\/wp-json\/wp\/v2\/product_cat?post=80692"},{"taxonomy":"product_tag","embeddable":true,"href":"https:\/\/laboratoriosniam.com\/pt\/wp-json\/wp\/v2\/product_tag?post=80692"}],"curies":[{"name":"wp","href":"https:\/\/api.w.org\/{rel}","templated":true}]}}