


{"id":85051,"date":"2024-11-05T15:33:51","date_gmt":"2024-11-05T15:33:51","guid":{"rendered":"https:\/\/laboratoriosniam.com\/pt\/?post_type=product&#038;p=85051"},"modified":"2026-04-19T12:36:10","modified_gmt":"2026-04-19T11:36:10","slug":"niam-premenstrual-vitex","status":"publish","type":"product","link":"https:\/\/laboratoriosniam.com\/pt\/produto\/niam-premenstrual-vitex\/","title":{"rendered":"Niam\u00ae Premenstrual"},"content":{"rendered":"","protected":false},"excerpt":{"rendered":"<p>Niam\u00ae Premenstrual combina o poder do Vitex agnus castus com vitamina B6, vitamina D, vitamina C e zinco, contribuindo para o bem-estar f\u00edsico e emocional durante o ciclo menstrual.<\/p>\n","protected":false},"featured_media":86033,"comment_status":"open","ping_status":"closed","template":"","meta":{"_acf_changed":false},"product_cat":[150,92],"product_tag":[],"class_list":["post-85051","product","type-product","status-publish","has-post-thumbnail","hentry","product_cat-bem-estar","product_cat-pcos","rtwpvg-product"],"acf":[],"yoast_head":"<!-- This site is optimized with the Yoast SEO plugin v27.2 - https:\/\/yoast.com\/product\/yoast-seo-wordpress\/ -->\n<title>Niam\u00ae Premenstrual | C\u00e1psulas para os sintomas da menstrua\u00e7\u00e3o<\/title>\n<meta name=\"description\" content=\"Niam\u00ae Premenstrual combina o poder do Vitex agnus castus com as vitaminas B6, D, C e zinco, contribuindo para o bem-estar durante o ciclo menstrual.\" \/>\n<meta name=\"robots\" content=\"index, follow, max-snippet:-1, max-image-preview:large, max-video-preview:-1\" \/>\n<link rel=\"canonical\" href=\"https:\/\/laboratoriosniam.com\/pt\/produto\/niam-premenstrual-vitex\/\" \/>\n<meta property=\"og:locale\" content=\"pt_PT\" \/>\n<meta property=\"og:type\" content=\"article\" \/>\n<meta property=\"og:title\" content=\"Niam\u00ae Premenstrual | C\u00e1psulas para os sintomas da menstrua\u00e7\u00e3o\" \/>\n<meta property=\"og:description\" content=\"Niam\u00ae Premenstrual combina o poder do Vitex agnus castus com as vitaminas B6, D, C e zinco, contribuindo para o bem-estar durante o ciclo menstrual.\" \/>\n<meta property=\"og:url\" content=\"https:\/\/laboratoriosniam.com\/pt\/produto\/niam-premenstrual-vitex\/\" \/>\n<meta property=\"og:site_name\" content=\"Laborat\u00f3rios Niam Portugal\" \/>\n<meta property=\"article:modified_time\" content=\"2026-04-19T11:36:10+00:00\" \/>\n<meta property=\"og:image\" content=\"https:\/\/laboratoriosniam.com\/pt\/wp-content\/uploads\/2024\/12\/niam-suplemento-dores-menstruais.jpg\" \/>\n\t<meta property=\"og:image:width\" content=\"1040\" \/>\n\t<meta property=\"og:image:height\" content=\"1040\" \/>\n\t<meta property=\"og:image:type\" content=\"image\/jpeg\" \/>\n<meta name=\"twitter:card\" content=\"summary_large_image\" \/>\n<meta name=\"twitter:label1\" content=\"Tempo estimado de leitura\" \/>\n\t<meta name=\"twitter:data1\" content=\"1 minuto\" \/>\n<script type=\"application\/ld+json\" class=\"yoast-schema-graph\">{\"@context\":\"https:\/\/schema.org\",\"@graph\":[{\"@type\":\"WebPage\",\"@id\":\"https:\/\/laboratoriosniam.com\/pt\/produto\/niam-premenstrual-vitex\/\",\"url\":\"https:\/\/laboratoriosniam.com\/pt\/produto\/niam-premenstrual-vitex\/\",\"name\":\"Niam\u00ae Premenstrual | C\u00e1psulas para os sintomas da menstrua\u00e7\u00e3o\",\"isPartOf\":{\"@id\":\"https:\/\/laboratoriosniam.com\/pt\/#website\"},\"primaryImageOfPage\":{\"@id\":\"https:\/\/laboratoriosniam.com\/pt\/produto\/niam-premenstrual-vitex\/#primaryimage\"},\"image\":{\"@id\":\"https:\/\/laboratoriosniam.com\/pt\/produto\/niam-premenstrual-vitex\/#primaryimage\"},\"thumbnailUrl\":\"https:\/\/laboratoriosniam.com\/pt\/wp-content\/uploads\/2024\/12\/niam-suplemento-dores-menstruais.jpg\",\"datePublished\":\"2024-11-05T15:33:51+00:00\",\"dateModified\":\"2026-04-19T11:36:10+00:00\",\"description\":\"Niam\u00ae Premenstrual combina o poder do Vitex agnus castus com as vitaminas B6, D, C e zinco, contribuindo para o bem-estar durante o ciclo menstrual.\",\"breadcrumb\":{\"@id\":\"https:\/\/laboratoriosniam.com\/pt\/produto\/niam-premenstrual-vitex\/#breadcrumb\"},\"inLanguage\":\"pt-PT\",\"potentialAction\":[{\"@type\":\"ReadAction\",\"target\":[\"https:\/\/laboratoriosniam.com\/pt\/produto\/niam-premenstrual-vitex\/\"]}]},{\"@type\":\"ImageObject\",\"inLanguage\":\"pt-PT\",\"@id\":\"https:\/\/laboratoriosniam.com\/pt\/produto\/niam-premenstrual-vitex\/#primaryimage\",\"url\":\"https:\/\/laboratoriosniam.com\/pt\/wp-content\/uploads\/2024\/12\/niam-suplemento-dores-menstruais.jpg\",\"contentUrl\":\"https:\/\/laboratoriosniam.com\/pt\/wp-content\/uploads\/2024\/12\/niam-suplemento-dores-menstruais.jpg\",\"width\":1040,\"height\":1040,\"caption\":\"Niam Premenstrual - Alivio natural para o desconforto menstrual\"},{\"@type\":\"BreadcrumbList\",\"@id\":\"https:\/\/laboratoriosniam.com\/pt\/produto\/niam-premenstrual-vitex\/#breadcrumb\",\"itemListElement\":[{\"@type\":\"ListItem\",\"position\":1,\"name\":\"In\u00edcio\",\"item\":\"https:\/\/laboratoriosniam.com\/pt\/\"},{\"@type\":\"ListItem\",\"position\":2,\"name\":\"Loja Online\",\"item\":\"https:\/\/laboratoriosniam.com\/pt\/loja-online\/\"},{\"@type\":\"ListItem\",\"position\":3,\"name\":\"Pcos\",\"item\":\"https:\/\/laboratoriosniam.com\/pt\/categoria-produto\/pcos\/\"},{\"@type\":\"ListItem\",\"position\":4,\"name\":\"Niam\u00ae Premenstrual\"}]},{\"@type\":\"WebSite\",\"@id\":\"https:\/\/laboratoriosniam.com\/pt\/#website\",\"url\":\"https:\/\/laboratoriosniam.com\/pt\/\",\"name\":\"Laborat\u00f3rios Niam Portugal\",\"description\":\"Suplementos alimentares - efic\u00e1cia natural\",\"publisher\":{\"@id\":\"https:\/\/laboratoriosniam.com\/pt\/#organization\"},\"potentialAction\":[{\"@type\":\"SearchAction\",\"target\":{\"@type\":\"EntryPoint\",\"urlTemplate\":\"https:\/\/laboratoriosniam.com\/pt\/?s={search_term_string}\"},\"query-input\":{\"@type\":\"PropertyValueSpecification\",\"valueRequired\":true,\"valueName\":\"search_term_string\"}}],\"inLanguage\":\"pt-PT\"},{\"@type\":\"Organization\",\"@id\":\"https:\/\/laboratoriosniam.com\/pt\/#organization\",\"name\":\"Laboratorios NIAM\",\"url\":\"https:\/\/laboratoriosniam.com\/pt\/\",\"logo\":{\"@type\":\"ImageObject\",\"inLanguage\":\"pt-PT\",\"@id\":\"https:\/\/laboratoriosniam.com\/pt\/#\/schema\/logo\/image\/\",\"url\":\"\",\"contentUrl\":\"\",\"caption\":\"Laboratorios NIAM\"},\"image\":{\"@id\":\"https:\/\/laboratoriosniam.com\/pt\/#\/schema\/logo\/image\/\"}}]}<\/script>\n<!-- \/ Yoast SEO plugin. -->","yoast_head_json":{"title":"Niam\u00ae Premenstrual | C\u00e1psulas para os sintomas da menstrua\u00e7\u00e3o","description":"Niam\u00ae Premenstrual combina o poder do Vitex agnus castus com as vitaminas B6, D, C e zinco, contribuindo para o bem-estar durante o ciclo menstrual.","robots":{"index":"index","follow":"follow","max-snippet":"max-snippet:-1","max-image-preview":"max-image-preview:large","max-video-preview":"max-video-preview:-1"},"canonical":"https:\/\/laboratoriosniam.com\/pt\/produto\/niam-premenstrual-vitex\/","og_locale":"pt_PT","og_type":"article","og_title":"Niam\u00ae Premenstrual | C\u00e1psulas para os sintomas da menstrua\u00e7\u00e3o","og_description":"Niam\u00ae Premenstrual combina o poder do Vitex agnus castus com as vitaminas B6, D, C e zinco, contribuindo para o bem-estar durante o ciclo menstrual.","og_url":"https:\/\/laboratoriosniam.com\/pt\/produto\/niam-premenstrual-vitex\/","og_site_name":"Laborat\u00f3rios Niam Portugal","article_modified_time":"2026-04-19T11:36:10+00:00","og_image":[{"width":1040,"height":1040,"url":"https:\/\/laboratoriosniam.com\/pt\/wp-content\/uploads\/2024\/12\/niam-suplemento-dores-menstruais.jpg","type":"image\/jpeg"}],"twitter_card":"summary_large_image","twitter_misc":{"Tempo estimado de leitura":"1 minuto"},"schema":{"@context":"https:\/\/schema.org","@graph":[{"@type":"WebPage","@id":"https:\/\/laboratoriosniam.com\/pt\/produto\/niam-premenstrual-vitex\/","url":"https:\/\/laboratoriosniam.com\/pt\/produto\/niam-premenstrual-vitex\/","name":"Niam\u00ae Premenstrual | C\u00e1psulas para os sintomas da menstrua\u00e7\u00e3o","isPartOf":{"@id":"https:\/\/laboratoriosniam.com\/pt\/#website"},"primaryImageOfPage":{"@id":"https:\/\/laboratoriosniam.com\/pt\/produto\/niam-premenstrual-vitex\/#primaryimage"},"image":{"@id":"https:\/\/laboratoriosniam.com\/pt\/produto\/niam-premenstrual-vitex\/#primaryimage"},"thumbnailUrl":"https:\/\/laboratoriosniam.com\/pt\/wp-content\/uploads\/2024\/12\/niam-suplemento-dores-menstruais.jpg","datePublished":"2024-11-05T15:33:51+00:00","dateModified":"2026-04-19T11:36:10+00:00","description":"Niam\u00ae Premenstrual combina o poder do Vitex agnus castus com as vitaminas B6, D, C e zinco, contribuindo para o bem-estar durante o ciclo menstrual.","breadcrumb":{"@id":"https:\/\/laboratoriosniam.com\/pt\/produto\/niam-premenstrual-vitex\/#breadcrumb"},"inLanguage":"pt-PT","potentialAction":[{"@type":"ReadAction","target":["https:\/\/laboratoriosniam.com\/pt\/produto\/niam-premenstrual-vitex\/"]}]},{"@type":"ImageObject","inLanguage":"pt-PT","@id":"https:\/\/laboratoriosniam.com\/pt\/produto\/niam-premenstrual-vitex\/#primaryimage","url":"https:\/\/laboratoriosniam.com\/pt\/wp-content\/uploads\/2024\/12\/niam-suplemento-dores-menstruais.jpg","contentUrl":"https:\/\/laboratoriosniam.com\/pt\/wp-content\/uploads\/2024\/12\/niam-suplemento-dores-menstruais.jpg","width":1040,"height":1040,"caption":"Niam Premenstrual - Alivio natural para o desconforto menstrual"},{"@type":"BreadcrumbList","@id":"https:\/\/laboratoriosniam.com\/pt\/produto\/niam-premenstrual-vitex\/#breadcrumb","itemListElement":[{"@type":"ListItem","position":1,"name":"In\u00edcio","item":"https:\/\/laboratoriosniam.com\/pt\/"},{"@type":"ListItem","position":2,"name":"Loja Online","item":"https:\/\/laboratoriosniam.com\/pt\/loja-online\/"},{"@type":"ListItem","position":3,"name":"Pcos","item":"https:\/\/laboratoriosniam.com\/pt\/categoria-produto\/pcos\/"},{"@type":"ListItem","position":4,"name":"Niam\u00ae Premenstrual"}]},{"@type":"WebSite","@id":"https:\/\/laboratoriosniam.com\/pt\/#website","url":"https:\/\/laboratoriosniam.com\/pt\/","name":"Laborat\u00f3rios Niam Portugal","description":"Suplementos alimentares - efic\u00e1cia natural","publisher":{"@id":"https:\/\/laboratoriosniam.com\/pt\/#organization"},"potentialAction":[{"@type":"SearchAction","target":{"@type":"EntryPoint","urlTemplate":"https:\/\/laboratoriosniam.com\/pt\/?s={search_term_string}"},"query-input":{"@type":"PropertyValueSpecification","valueRequired":true,"valueName":"search_term_string"}}],"inLanguage":"pt-PT"},{"@type":"Organization","@id":"https:\/\/laboratoriosniam.com\/pt\/#organization","name":"Laboratorios NIAM","url":"https:\/\/laboratoriosniam.com\/pt\/","logo":{"@type":"ImageObject","inLanguage":"pt-PT","@id":"https:\/\/laboratoriosniam.com\/pt\/#\/schema\/logo\/image\/","url":"","contentUrl":"","caption":"Laboratorios NIAM"},"image":{"@id":"https:\/\/laboratoriosniam.com\/pt\/#\/schema\/logo\/image\/"}}]}},"_links":{"self":[{"href":"https:\/\/laboratoriosniam.com\/pt\/wp-json\/wp\/v2\/product\/85051","targetHints":{"allow":["GET"]}}],"collection":[{"href":"https:\/\/laboratoriosniam.com\/pt\/wp-json\/wp\/v2\/product"}],"about":[{"href":"https:\/\/laboratoriosniam.com\/pt\/wp-json\/wp\/v2\/types\/product"}],"replies":[{"embeddable":true,"href":"https:\/\/laboratoriosniam.com\/pt\/wp-json\/wp\/v2\/comments?post=85051"}],"wp:featuredmedia":[{"embeddable":true,"href":"https:\/\/laboratoriosniam.com\/pt\/wp-json\/wp\/v2\/media\/86033"}],"wp:attachment":[{"href":"https:\/\/laboratoriosniam.com\/pt\/wp-json\/wp\/v2\/media?parent=85051"}],"wp:term":[{"taxonomy":"product_cat","embeddable":true,"href":"https:\/\/laboratoriosniam.com\/pt\/wp-json\/wp\/v2\/product_cat?post=85051"},{"taxonomy":"product_tag","embeddable":true,"href":"https:\/\/laboratoriosniam.com\/pt\/wp-json\/wp\/v2\/product_tag?post=85051"}],"curies":[{"name":"wp","href":"https:\/\/api.w.org\/{rel}","templated":true}]}}