


{"id":85856,"date":"2024-12-09T16:10:50","date_gmt":"2024-12-09T16:10:50","guid":{"rendered":"https:\/\/laboratoriosniam.com\/pt\/?post_type=product&#038;p=85856"},"modified":"2026-05-10T16:06:48","modified_gmt":"2026-05-10T15:06:48","slug":"niam-beauty-biotina-colagenio-hialuronico","status":"publish","type":"product","link":"https:\/\/laboratoriosniam.com\/pt\/produto\/niam-beauty-biotina-colagenio-hialuronico\/","title":{"rendered":"Niam\u00ae Beauty"},"content":{"rendered":"","protected":false},"excerpt":{"rendered":"<p>Niam\u00ae Beauty redefine o cuidado pessoal com uma f\u00f3rmula exclusiva que combina 2000 \u00b5g de biotina de alta pot\u00eancia, colag\u00e9nio hidrolisado tipo I de origem marinha, \u00e1cido hialur\u00f3nico de r\u00e1pida absor\u00e7\u00e3o e extrato de bambu rico em sil\u00edcio org\u00e2nico.<\/p>\n","protected":false},"featured_media":86061,"comment_status":"open","ping_status":"closed","template":"","meta":{"_acf_changed":false},"product_cat":[150,92],"product_tag":[],"class_list":["post-85856","product","type-product","status-publish","has-post-thumbnail","hentry","product_cat-bem-estar","product_cat-pcos","rtwpvg-product"],"acf":[],"yoast_head":"<!-- This site is optimized with the Yoast SEO plugin v27.2 - https:\/\/yoast.com\/product\/yoast-seo-wordpress\/ -->\n<title>Niam\u00ae Beauty | C\u00e1psulas de Colag\u00e9nio e \u00c1cido Hialur\u00f3nico<\/title>\n<meta name=\"description\" content=\"Niam\u00ae Beauty \u00e9 un suplemento alimentar natural com colag\u00e9nio hidrolizado e \u00e1cido hialur\u00f3nico para o cuidado da pele, cabelo e unhas \u2714\ufe0fEnv\u00edo em 24\/48h\" \/>\n<meta name=\"robots\" content=\"index, follow, max-snippet:-1, max-image-preview:large, max-video-preview:-1\" \/>\n<link rel=\"canonical\" href=\"https:\/\/laboratoriosniam.com\/pt\/produto\/niam-beauty-biotina-colagenio-hialuronico\/\" \/>\n<meta property=\"og:locale\" content=\"pt_PT\" \/>\n<meta property=\"og:type\" content=\"article\" \/>\n<meta property=\"og:title\" content=\"Niam\u00ae Beauty | C\u00e1psulas de Colag\u00e9nio e \u00c1cido Hialur\u00f3nico\" \/>\n<meta property=\"og:description\" content=\"Niam\u00ae Beauty \u00e9 un suplemento alimentar natural com colag\u00e9nio hidrolizado e \u00e1cido hialur\u00f3nico para o cuidado da pele, cabelo e unhas \u2714\ufe0fEnv\u00edo em 24\/48h\" \/>\n<meta property=\"og:url\" content=\"https:\/\/laboratoriosniam.com\/pt\/produto\/niam-beauty-biotina-colagenio-hialuronico\/\" \/>\n<meta property=\"og:site_name\" content=\"Laborat\u00f3rios Niam Portugal\" \/>\n<meta property=\"article:modified_time\" content=\"2026-05-10T15:06:48+00:00\" \/>\n<meta property=\"og:image\" content=\"https:\/\/laboratoriosniam.com\/pt\/wp-content\/uploads\/2024\/12\/Beauty-suplemento-cabelo-pele-unhas.jpg\" \/>\n\t<meta property=\"og:image:width\" content=\"1040\" \/>\n\t<meta property=\"og:image:height\" content=\"1040\" \/>\n\t<meta property=\"og:image:type\" content=\"image\/jpeg\" \/>\n<meta name=\"twitter:card\" content=\"summary_large_image\" \/>\n<meta name=\"twitter:label1\" content=\"Tempo estimado de leitura\" \/>\n\t<meta name=\"twitter:data1\" content=\"1 minuto\" \/>\n<script type=\"application\/ld+json\" class=\"yoast-schema-graph\">{\"@context\":\"https:\/\/schema.org\",\"@graph\":[{\"@type\":\"WebPage\",\"@id\":\"https:\/\/laboratoriosniam.com\/pt\/produto\/niam-beauty-biotina-colagenio-hialuronico\/\",\"url\":\"https:\/\/laboratoriosniam.com\/pt\/produto\/niam-beauty-biotina-colagenio-hialuronico\/\",\"name\":\"Niam\u00ae Beauty | C\u00e1psulas de Colag\u00e9nio e \u00c1cido Hialur\u00f3nico\",\"isPartOf\":{\"@id\":\"https:\/\/laboratoriosniam.com\/pt\/#website\"},\"primaryImageOfPage\":{\"@id\":\"https:\/\/laboratoriosniam.com\/pt\/produto\/niam-beauty-biotina-colagenio-hialuronico\/#primaryimage\"},\"image\":{\"@id\":\"https:\/\/laboratoriosniam.com\/pt\/produto\/niam-beauty-biotina-colagenio-hialuronico\/#primaryimage\"},\"thumbnailUrl\":\"https:\/\/laboratoriosniam.com\/pt\/wp-content\/uploads\/2024\/12\/Beauty-suplemento-cabelo-pele-unhas.jpg\",\"datePublished\":\"2024-12-09T16:10:50+00:00\",\"dateModified\":\"2026-05-10T15:06:48+00:00\",\"description\":\"Niam\u00ae Beauty \u00e9 un suplemento alimentar natural com colag\u00e9nio hidrolizado e \u00e1cido hialur\u00f3nico para o cuidado da pele, cabelo e unhas \u2714\ufe0fEnv\u00edo em 24\/48h\",\"breadcrumb\":{\"@id\":\"https:\/\/laboratoriosniam.com\/pt\/produto\/niam-beauty-biotina-colagenio-hialuronico\/#breadcrumb\"},\"inLanguage\":\"pt-PT\",\"potentialAction\":[{\"@type\":\"ReadAction\",\"target\":[\"https:\/\/laboratoriosniam.com\/pt\/produto\/niam-beauty-biotina-colagenio-hialuronico\/\"]}]},{\"@type\":\"ImageObject\",\"inLanguage\":\"pt-PT\",\"@id\":\"https:\/\/laboratoriosniam.com\/pt\/produto\/niam-beauty-biotina-colagenio-hialuronico\/#primaryimage\",\"url\":\"https:\/\/laboratoriosniam.com\/pt\/wp-content\/uploads\/2024\/12\/Beauty-suplemento-cabelo-pele-unhas.jpg\",\"contentUrl\":\"https:\/\/laboratoriosniam.com\/pt\/wp-content\/uploads\/2024\/12\/Beauty-suplemento-cabelo-pele-unhas.jpg\",\"width\":1040,\"height\":1040,\"caption\":\"Niam Beauty, suplemento alimentar para cabelo, pele e unhas\"},{\"@type\":\"BreadcrumbList\",\"@id\":\"https:\/\/laboratoriosniam.com\/pt\/produto\/niam-beauty-biotina-colagenio-hialuronico\/#breadcrumb\",\"itemListElement\":[{\"@type\":\"ListItem\",\"position\":1,\"name\":\"In\u00edcio\",\"item\":\"https:\/\/laboratoriosniam.com\/pt\/\"},{\"@type\":\"ListItem\",\"position\":2,\"name\":\"Loja Online\",\"item\":\"https:\/\/laboratoriosniam.com\/pt\/loja-online\/\"},{\"@type\":\"ListItem\",\"position\":3,\"name\":\"Pcos\",\"item\":\"https:\/\/laboratoriosniam.com\/pt\/categoria-produto\/pcos\/\"},{\"@type\":\"ListItem\",\"position\":4,\"name\":\"Niam\u00ae Beauty\"}]},{\"@type\":\"WebSite\",\"@id\":\"https:\/\/laboratoriosniam.com\/pt\/#website\",\"url\":\"https:\/\/laboratoriosniam.com\/pt\/\",\"name\":\"Laborat\u00f3rios Niam Portugal\",\"description\":\"Suplementos alimentares - efic\u00e1cia natural\",\"publisher\":{\"@id\":\"https:\/\/laboratoriosniam.com\/pt\/#organization\"},\"potentialAction\":[{\"@type\":\"SearchAction\",\"target\":{\"@type\":\"EntryPoint\",\"urlTemplate\":\"https:\/\/laboratoriosniam.com\/pt\/?s={search_term_string}\"},\"query-input\":{\"@type\":\"PropertyValueSpecification\",\"valueRequired\":true,\"valueName\":\"search_term_string\"}}],\"inLanguage\":\"pt-PT\"},{\"@type\":\"Organization\",\"@id\":\"https:\/\/laboratoriosniam.com\/pt\/#organization\",\"name\":\"Laboratorios NIAM\",\"url\":\"https:\/\/laboratoriosniam.com\/pt\/\",\"logo\":{\"@type\":\"ImageObject\",\"inLanguage\":\"pt-PT\",\"@id\":\"https:\/\/laboratoriosniam.com\/pt\/#\/schema\/logo\/image\/\",\"url\":\"\",\"contentUrl\":\"\",\"caption\":\"Laboratorios NIAM\"},\"image\":{\"@id\":\"https:\/\/laboratoriosniam.com\/pt\/#\/schema\/logo\/image\/\"}}]}<\/script>\n<!-- \/ Yoast SEO plugin. -->","yoast_head_json":{"title":"Niam\u00ae Beauty | C\u00e1psulas de Colag\u00e9nio e \u00c1cido Hialur\u00f3nico","description":"Niam\u00ae Beauty \u00e9 un suplemento alimentar natural com colag\u00e9nio hidrolizado e \u00e1cido hialur\u00f3nico para o cuidado da pele, cabelo e unhas \u2714\ufe0fEnv\u00edo em 24\/48h","robots":{"index":"index","follow":"follow","max-snippet":"max-snippet:-1","max-image-preview":"max-image-preview:large","max-video-preview":"max-video-preview:-1"},"canonical":"https:\/\/laboratoriosniam.com\/pt\/produto\/niam-beauty-biotina-colagenio-hialuronico\/","og_locale":"pt_PT","og_type":"article","og_title":"Niam\u00ae Beauty | C\u00e1psulas de Colag\u00e9nio e \u00c1cido Hialur\u00f3nico","og_description":"Niam\u00ae Beauty \u00e9 un suplemento alimentar natural com colag\u00e9nio hidrolizado e \u00e1cido hialur\u00f3nico para o cuidado da pele, cabelo e unhas \u2714\ufe0fEnv\u00edo em 24\/48h","og_url":"https:\/\/laboratoriosniam.com\/pt\/produto\/niam-beauty-biotina-colagenio-hialuronico\/","og_site_name":"Laborat\u00f3rios Niam Portugal","article_modified_time":"2026-05-10T15:06:48+00:00","og_image":[{"width":1040,"height":1040,"url":"https:\/\/laboratoriosniam.com\/pt\/wp-content\/uploads\/2024\/12\/Beauty-suplemento-cabelo-pele-unhas.jpg","type":"image\/jpeg"}],"twitter_card":"summary_large_image","twitter_misc":{"Tempo estimado de leitura":"1 minuto"},"schema":{"@context":"https:\/\/schema.org","@graph":[{"@type":"WebPage","@id":"https:\/\/laboratoriosniam.com\/pt\/produto\/niam-beauty-biotina-colagenio-hialuronico\/","url":"https:\/\/laboratoriosniam.com\/pt\/produto\/niam-beauty-biotina-colagenio-hialuronico\/","name":"Niam\u00ae Beauty | C\u00e1psulas de Colag\u00e9nio e \u00c1cido Hialur\u00f3nico","isPartOf":{"@id":"https:\/\/laboratoriosniam.com\/pt\/#website"},"primaryImageOfPage":{"@id":"https:\/\/laboratoriosniam.com\/pt\/produto\/niam-beauty-biotina-colagenio-hialuronico\/#primaryimage"},"image":{"@id":"https:\/\/laboratoriosniam.com\/pt\/produto\/niam-beauty-biotina-colagenio-hialuronico\/#primaryimage"},"thumbnailUrl":"https:\/\/laboratoriosniam.com\/pt\/wp-content\/uploads\/2024\/12\/Beauty-suplemento-cabelo-pele-unhas.jpg","datePublished":"2024-12-09T16:10:50+00:00","dateModified":"2026-05-10T15:06:48+00:00","description":"Niam\u00ae Beauty \u00e9 un suplemento alimentar natural com colag\u00e9nio hidrolizado e \u00e1cido hialur\u00f3nico para o cuidado da pele, cabelo e unhas \u2714\ufe0fEnv\u00edo em 24\/48h","breadcrumb":{"@id":"https:\/\/laboratoriosniam.com\/pt\/produto\/niam-beauty-biotina-colagenio-hialuronico\/#breadcrumb"},"inLanguage":"pt-PT","potentialAction":[{"@type":"ReadAction","target":["https:\/\/laboratoriosniam.com\/pt\/produto\/niam-beauty-biotina-colagenio-hialuronico\/"]}]},{"@type":"ImageObject","inLanguage":"pt-PT","@id":"https:\/\/laboratoriosniam.com\/pt\/produto\/niam-beauty-biotina-colagenio-hialuronico\/#primaryimage","url":"https:\/\/laboratoriosniam.com\/pt\/wp-content\/uploads\/2024\/12\/Beauty-suplemento-cabelo-pele-unhas.jpg","contentUrl":"https:\/\/laboratoriosniam.com\/pt\/wp-content\/uploads\/2024\/12\/Beauty-suplemento-cabelo-pele-unhas.jpg","width":1040,"height":1040,"caption":"Niam Beauty, suplemento alimentar para cabelo, pele e unhas"},{"@type":"BreadcrumbList","@id":"https:\/\/laboratoriosniam.com\/pt\/produto\/niam-beauty-biotina-colagenio-hialuronico\/#breadcrumb","itemListElement":[{"@type":"ListItem","position":1,"name":"In\u00edcio","item":"https:\/\/laboratoriosniam.com\/pt\/"},{"@type":"ListItem","position":2,"name":"Loja Online","item":"https:\/\/laboratoriosniam.com\/pt\/loja-online\/"},{"@type":"ListItem","position":3,"name":"Pcos","item":"https:\/\/laboratoriosniam.com\/pt\/categoria-produto\/pcos\/"},{"@type":"ListItem","position":4,"name":"Niam\u00ae Beauty"}]},{"@type":"WebSite","@id":"https:\/\/laboratoriosniam.com\/pt\/#website","url":"https:\/\/laboratoriosniam.com\/pt\/","name":"Laborat\u00f3rios Niam Portugal","description":"Suplementos alimentares - efic\u00e1cia natural","publisher":{"@id":"https:\/\/laboratoriosniam.com\/pt\/#organization"},"potentialAction":[{"@type":"SearchAction","target":{"@type":"EntryPoint","urlTemplate":"https:\/\/laboratoriosniam.com\/pt\/?s={search_term_string}"},"query-input":{"@type":"PropertyValueSpecification","valueRequired":true,"valueName":"search_term_string"}}],"inLanguage":"pt-PT"},{"@type":"Organization","@id":"https:\/\/laboratoriosniam.com\/pt\/#organization","name":"Laboratorios NIAM","url":"https:\/\/laboratoriosniam.com\/pt\/","logo":{"@type":"ImageObject","inLanguage":"pt-PT","@id":"https:\/\/laboratoriosniam.com\/pt\/#\/schema\/logo\/image\/","url":"","contentUrl":"","caption":"Laboratorios NIAM"},"image":{"@id":"https:\/\/laboratoriosniam.com\/pt\/#\/schema\/logo\/image\/"}}]}},"_links":{"self":[{"href":"https:\/\/laboratoriosniam.com\/pt\/wp-json\/wp\/v2\/product\/85856","targetHints":{"allow":["GET"]}}],"collection":[{"href":"https:\/\/laboratoriosniam.com\/pt\/wp-json\/wp\/v2\/product"}],"about":[{"href":"https:\/\/laboratoriosniam.com\/pt\/wp-json\/wp\/v2\/types\/product"}],"replies":[{"embeddable":true,"href":"https:\/\/laboratoriosniam.com\/pt\/wp-json\/wp\/v2\/comments?post=85856"}],"wp:featuredmedia":[{"embeddable":true,"href":"https:\/\/laboratoriosniam.com\/pt\/wp-json\/wp\/v2\/media\/86061"}],"wp:attachment":[{"href":"https:\/\/laboratoriosniam.com\/pt\/wp-json\/wp\/v2\/media?parent=85856"}],"wp:term":[{"taxonomy":"product_cat","embeddable":true,"href":"https:\/\/laboratoriosniam.com\/pt\/wp-json\/wp\/v2\/product_cat?post=85856"},{"taxonomy":"product_tag","embeddable":true,"href":"https:\/\/laboratoriosniam.com\/pt\/wp-json\/wp\/v2\/product_tag?post=85856"}],"curies":[{"name":"wp","href":"https:\/\/api.w.org\/{rel}","templated":true}]}}