


{"id":88170,"date":"2025-03-04T09:32:50","date_gmt":"2025-03-04T09:32:50","guid":{"rendered":"https:\/\/laboratoriosniam.com\/pt\/?post_type=product&#038;p=88170"},"modified":"2026-04-04T06:36:14","modified_gmt":"2026-04-04T05:36:14","slug":"emitium-colesterol","status":"publish","type":"product","link":"https:\/\/laboratoriosniam.com\/pt\/produto\/emitium-colesterol\/","title":{"rendered":"EMITIUM\u00ae Cora\u00e7\u00e3o"},"content":{"rendered":"","protected":false},"excerpt":{"rendered":"<p>EMITIUM\u00ae Cora\u00e7\u00e3o \u00e9 um suplemento alimentar natural concebido para manter n\u00edveis adequados de colesterol.<\/p>\n","protected":false},"featured_media":89883,"comment_status":"closed","ping_status":"closed","template":"","meta":{"_acf_changed":false},"product_cat":[76,95],"product_tag":[],"class_list":["post-88170","product","type-product","status-publish","has-post-thumbnail","hentry","product_cat-colesterol","product_cat-probioticos"],"acf":[],"yoast_head":"<!-- This site is optimized with the Yoast SEO plugin v27.2 - https:\/\/yoast.com\/product\/yoast-seo-wordpress\/ -->\n<title>EMITIUM\u00ae Cora\u00e7\u00e3o - Probi\u00f3ticos Colesterol | Laborat\u00f3rios Niam<\/title>\n<meta name=\"description\" content=\"EMITIUM\u00ae Cora\u00e7\u00e3o \u00e9 um suplemento alimentar em formato de goma concebido para manter n\u00edveis adequados de colesterol. \u2714\ufe0f Envio 24\/48h.\" \/>\n<meta name=\"robots\" content=\"index, follow, max-snippet:-1, max-image-preview:large, max-video-preview:-1\" \/>\n<link rel=\"canonical\" href=\"https:\/\/laboratoriosniam.com\/pt\/produto\/emitium-colesterol\/\" \/>\n<meta property=\"og:locale\" content=\"pt_PT\" \/>\n<meta property=\"og:type\" content=\"article\" \/>\n<meta property=\"og:title\" content=\"EMITIUM\u00ae Cora\u00e7\u00e3o - Probi\u00f3ticos Colesterol | Laborat\u00f3rios Niam\" \/>\n<meta property=\"og:description\" content=\"EMITIUM\u00ae Cora\u00e7\u00e3o \u00e9 um suplemento alimentar em formato de goma concebido para manter n\u00edveis adequados de colesterol. \u2714\ufe0f Envio 24\/48h.\" \/>\n<meta property=\"og:url\" content=\"https:\/\/laboratoriosniam.com\/pt\/produto\/emitium-colesterol\/\" \/>\n<meta property=\"og:site_name\" content=\"Laborat\u00f3rios Niam Portugal\" \/>\n<meta property=\"article:modified_time\" content=\"2026-04-04T05:36:14+00:00\" \/>\n<meta property=\"og:image\" content=\"https:\/\/laboratoriosniam.com\/pt\/wp-content\/uploads\/2025\/03\/EMITIUM-coracao-ajuda-colesterol.jpg\" \/>\n\t<meta property=\"og:image:width\" content=\"1024\" \/>\n\t<meta property=\"og:image:height\" content=\"1024\" \/>\n\t<meta property=\"og:image:type\" content=\"image\/jpeg\" \/>\n<meta name=\"twitter:card\" content=\"summary_large_image\" \/>\n<meta name=\"twitter:label1\" content=\"Tempo estimado de leitura\" \/>\n\t<meta name=\"twitter:data1\" content=\"1 minuto\" \/>\n<script type=\"application\/ld+json\" class=\"yoast-schema-graph\">{\"@context\":\"https:\/\/schema.org\",\"@graph\":[{\"@type\":\"WebPage\",\"@id\":\"https:\/\/laboratoriosniam.com\/pt\/produto\/emitium-colesterol\/\",\"url\":\"https:\/\/laboratoriosniam.com\/pt\/produto\/emitium-colesterol\/\",\"name\":\"EMITIUM\u00ae Cora\u00e7\u00e3o - Probi\u00f3ticos Colesterol | Laborat\u00f3rios Niam\",\"isPartOf\":{\"@id\":\"https:\/\/laboratoriosniam.com\/pt\/#website\"},\"primaryImageOfPage\":{\"@id\":\"https:\/\/laboratoriosniam.com\/pt\/produto\/emitium-colesterol\/#primaryimage\"},\"image\":{\"@id\":\"https:\/\/laboratoriosniam.com\/pt\/produto\/emitium-colesterol\/#primaryimage\"},\"thumbnailUrl\":\"https:\/\/laboratoriosniam.com\/pt\/wp-content\/uploads\/2025\/03\/EMITIUM-coracao-ajuda-colesterol.jpg\",\"datePublished\":\"2025-03-04T09:32:50+00:00\",\"dateModified\":\"2026-04-04T05:36:14+00:00\",\"description\":\"EMITIUM\u00ae Cora\u00e7\u00e3o \u00e9 um suplemento alimentar em formato de goma concebido para manter n\u00edveis adequados de colesterol. \u2714\ufe0f Envio 24\/48h.\",\"breadcrumb\":{\"@id\":\"https:\/\/laboratoriosniam.com\/pt\/produto\/emitium-colesterol\/#breadcrumb\"},\"inLanguage\":\"pt-PT\",\"potentialAction\":[{\"@type\":\"ReadAction\",\"target\":[\"https:\/\/laboratoriosniam.com\/pt\/produto\/emitium-colesterol\/\"]}]},{\"@type\":\"ImageObject\",\"inLanguage\":\"pt-PT\",\"@id\":\"https:\/\/laboratoriosniam.com\/pt\/produto\/emitium-colesterol\/#primaryimage\",\"url\":\"https:\/\/laboratoriosniam.com\/pt\/wp-content\/uploads\/2025\/03\/EMITIUM-coracao-ajuda-colesterol.jpg\",\"contentUrl\":\"https:\/\/laboratoriosniam.com\/pt\/wp-content\/uploads\/2025\/03\/EMITIUM-coracao-ajuda-colesterol.jpg\",\"width\":1024,\"height\":1024,\"caption\":\"EMITIUM Cora\u00e7\u00e3o, uma ajuda para o colesterol\"},{\"@type\":\"BreadcrumbList\",\"@id\":\"https:\/\/laboratoriosniam.com\/pt\/produto\/emitium-colesterol\/#breadcrumb\",\"itemListElement\":[{\"@type\":\"ListItem\",\"position\":1,\"name\":\"In\u00edcio\",\"item\":\"https:\/\/laboratoriosniam.com\/pt\/\"},{\"@type\":\"ListItem\",\"position\":2,\"name\":\"Loja Online\",\"item\":\"https:\/\/laboratoriosniam.com\/pt\/loja-online\/\"},{\"@type\":\"ListItem\",\"position\":3,\"name\":\"Colesterol\",\"item\":\"https:\/\/laboratoriosniam.com\/pt\/categoria-produto\/colesterol\/\"},{\"@type\":\"ListItem\",\"position\":4,\"name\":\"EMITIUM\u00ae Cora\u00e7\u00e3o\"}]},{\"@type\":\"WebSite\",\"@id\":\"https:\/\/laboratoriosniam.com\/pt\/#website\",\"url\":\"https:\/\/laboratoriosniam.com\/pt\/\",\"name\":\"Laborat\u00f3rios Niam Portugal\",\"description\":\"Suplementos alimentares - efic\u00e1cia natural\",\"publisher\":{\"@id\":\"https:\/\/laboratoriosniam.com\/pt\/#organization\"},\"potentialAction\":[{\"@type\":\"SearchAction\",\"target\":{\"@type\":\"EntryPoint\",\"urlTemplate\":\"https:\/\/laboratoriosniam.com\/pt\/?s={search_term_string}\"},\"query-input\":{\"@type\":\"PropertyValueSpecification\",\"valueRequired\":true,\"valueName\":\"search_term_string\"}}],\"inLanguage\":\"pt-PT\"},{\"@type\":\"Organization\",\"@id\":\"https:\/\/laboratoriosniam.com\/pt\/#organization\",\"name\":\"Laboratorios NIAM\",\"url\":\"https:\/\/laboratoriosniam.com\/pt\/\",\"logo\":{\"@type\":\"ImageObject\",\"inLanguage\":\"pt-PT\",\"@id\":\"https:\/\/laboratoriosniam.com\/pt\/#\/schema\/logo\/image\/\",\"url\":\"\",\"contentUrl\":\"\",\"caption\":\"Laboratorios NIAM\"},\"image\":{\"@id\":\"https:\/\/laboratoriosniam.com\/pt\/#\/schema\/logo\/image\/\"}}]}<\/script>\n<!-- \/ Yoast SEO plugin. -->","yoast_head_json":{"title":"EMITIUM\u00ae Cora\u00e7\u00e3o - Probi\u00f3ticos Colesterol | Laborat\u00f3rios Niam","description":"EMITIUM\u00ae Cora\u00e7\u00e3o \u00e9 um suplemento alimentar em formato de goma concebido para manter n\u00edveis adequados de colesterol. \u2714\ufe0f Envio 24\/48h.","robots":{"index":"index","follow":"follow","max-snippet":"max-snippet:-1","max-image-preview":"max-image-preview:large","max-video-preview":"max-video-preview:-1"},"canonical":"https:\/\/laboratoriosniam.com\/pt\/produto\/emitium-colesterol\/","og_locale":"pt_PT","og_type":"article","og_title":"EMITIUM\u00ae Cora\u00e7\u00e3o - Probi\u00f3ticos Colesterol | Laborat\u00f3rios Niam","og_description":"EMITIUM\u00ae Cora\u00e7\u00e3o \u00e9 um suplemento alimentar em formato de goma concebido para manter n\u00edveis adequados de colesterol. \u2714\ufe0f Envio 24\/48h.","og_url":"https:\/\/laboratoriosniam.com\/pt\/produto\/emitium-colesterol\/","og_site_name":"Laborat\u00f3rios Niam Portugal","article_modified_time":"2026-04-04T05:36:14+00:00","og_image":[{"width":1024,"height":1024,"url":"https:\/\/laboratoriosniam.com\/pt\/wp-content\/uploads\/2025\/03\/EMITIUM-coracao-ajuda-colesterol.jpg","type":"image\/jpeg"}],"twitter_card":"summary_large_image","twitter_misc":{"Tempo estimado de leitura":"1 minuto"},"schema":{"@context":"https:\/\/schema.org","@graph":[{"@type":"WebPage","@id":"https:\/\/laboratoriosniam.com\/pt\/produto\/emitium-colesterol\/","url":"https:\/\/laboratoriosniam.com\/pt\/produto\/emitium-colesterol\/","name":"EMITIUM\u00ae Cora\u00e7\u00e3o - Probi\u00f3ticos Colesterol | Laborat\u00f3rios Niam","isPartOf":{"@id":"https:\/\/laboratoriosniam.com\/pt\/#website"},"primaryImageOfPage":{"@id":"https:\/\/laboratoriosniam.com\/pt\/produto\/emitium-colesterol\/#primaryimage"},"image":{"@id":"https:\/\/laboratoriosniam.com\/pt\/produto\/emitium-colesterol\/#primaryimage"},"thumbnailUrl":"https:\/\/laboratoriosniam.com\/pt\/wp-content\/uploads\/2025\/03\/EMITIUM-coracao-ajuda-colesterol.jpg","datePublished":"2025-03-04T09:32:50+00:00","dateModified":"2026-04-04T05:36:14+00:00","description":"EMITIUM\u00ae Cora\u00e7\u00e3o \u00e9 um suplemento alimentar em formato de goma concebido para manter n\u00edveis adequados de colesterol. \u2714\ufe0f Envio 24\/48h.","breadcrumb":{"@id":"https:\/\/laboratoriosniam.com\/pt\/produto\/emitium-colesterol\/#breadcrumb"},"inLanguage":"pt-PT","potentialAction":[{"@type":"ReadAction","target":["https:\/\/laboratoriosniam.com\/pt\/produto\/emitium-colesterol\/"]}]},{"@type":"ImageObject","inLanguage":"pt-PT","@id":"https:\/\/laboratoriosniam.com\/pt\/produto\/emitium-colesterol\/#primaryimage","url":"https:\/\/laboratoriosniam.com\/pt\/wp-content\/uploads\/2025\/03\/EMITIUM-coracao-ajuda-colesterol.jpg","contentUrl":"https:\/\/laboratoriosniam.com\/pt\/wp-content\/uploads\/2025\/03\/EMITIUM-coracao-ajuda-colesterol.jpg","width":1024,"height":1024,"caption":"EMITIUM Cora\u00e7\u00e3o, uma ajuda para o colesterol"},{"@type":"BreadcrumbList","@id":"https:\/\/laboratoriosniam.com\/pt\/produto\/emitium-colesterol\/#breadcrumb","itemListElement":[{"@type":"ListItem","position":1,"name":"In\u00edcio","item":"https:\/\/laboratoriosniam.com\/pt\/"},{"@type":"ListItem","position":2,"name":"Loja Online","item":"https:\/\/laboratoriosniam.com\/pt\/loja-online\/"},{"@type":"ListItem","position":3,"name":"Colesterol","item":"https:\/\/laboratoriosniam.com\/pt\/categoria-produto\/colesterol\/"},{"@type":"ListItem","position":4,"name":"EMITIUM\u00ae Cora\u00e7\u00e3o"}]},{"@type":"WebSite","@id":"https:\/\/laboratoriosniam.com\/pt\/#website","url":"https:\/\/laboratoriosniam.com\/pt\/","name":"Laborat\u00f3rios Niam Portugal","description":"Suplementos alimentares - efic\u00e1cia natural","publisher":{"@id":"https:\/\/laboratoriosniam.com\/pt\/#organization"},"potentialAction":[{"@type":"SearchAction","target":{"@type":"EntryPoint","urlTemplate":"https:\/\/laboratoriosniam.com\/pt\/?s={search_term_string}"},"query-input":{"@type":"PropertyValueSpecification","valueRequired":true,"valueName":"search_term_string"}}],"inLanguage":"pt-PT"},{"@type":"Organization","@id":"https:\/\/laboratoriosniam.com\/pt\/#organization","name":"Laboratorios NIAM","url":"https:\/\/laboratoriosniam.com\/pt\/","logo":{"@type":"ImageObject","inLanguage":"pt-PT","@id":"https:\/\/laboratoriosniam.com\/pt\/#\/schema\/logo\/image\/","url":"","contentUrl":"","caption":"Laboratorios NIAM"},"image":{"@id":"https:\/\/laboratoriosniam.com\/pt\/#\/schema\/logo\/image\/"}}]}},"_links":{"self":[{"href":"https:\/\/laboratoriosniam.com\/pt\/wp-json\/wp\/v2\/product\/88170","targetHints":{"allow":["GET"]}}],"collection":[{"href":"https:\/\/laboratoriosniam.com\/pt\/wp-json\/wp\/v2\/product"}],"about":[{"href":"https:\/\/laboratoriosniam.com\/pt\/wp-json\/wp\/v2\/types\/product"}],"replies":[{"embeddable":true,"href":"https:\/\/laboratoriosniam.com\/pt\/wp-json\/wp\/v2\/comments?post=88170"}],"wp:featuredmedia":[{"embeddable":true,"href":"https:\/\/laboratoriosniam.com\/pt\/wp-json\/wp\/v2\/media\/89883"}],"wp:attachment":[{"href":"https:\/\/laboratoriosniam.com\/pt\/wp-json\/wp\/v2\/media?parent=88170"}],"wp:term":[{"taxonomy":"product_cat","embeddable":true,"href":"https:\/\/laboratoriosniam.com\/pt\/wp-json\/wp\/v2\/product_cat?post=88170"},{"taxonomy":"product_tag","embeddable":true,"href":"https:\/\/laboratoriosniam.com\/pt\/wp-json\/wp\/v2\/product_tag?post=88170"}],"curies":[{"name":"wp","href":"https:\/\/api.w.org\/{rel}","templated":true}]}}