


{"id":93378,"date":"2025-08-18T09:06:19","date_gmt":"2025-08-18T08:06:19","guid":{"rendered":"https:\/\/laboratoriosniam.com\/pt\/?post_type=product&#038;p=93378"},"modified":"2026-04-04T17:06:02","modified_gmt":"2026-04-04T16:06:02","slug":"animafort-sleep-melatonina-dormir","status":"publish","type":"product","link":"https:\/\/laboratoriosniam.com\/pt\/produto\/animafort-sleep-melatonina-dormir\/","title":{"rendered":"AnimaFort\u00ae Sleep"},"content":{"rendered":"","protected":false},"excerpt":{"rendered":"<p>AnimaFort\u00ae Sleep \u00e9 um suplemento \u00fanico gra\u00e7as \u00e0 sua tecnologia de dupla camada que permite uma liberta\u00e7\u00e3o prolongada de ingredientes essenciais que ajudam a obter o melhor descanso: melatonina, valeriana, l\u00fapulo, a\u00e7afr\u00e3o e vitaminas do grupo B.<\/p>\n","protected":false},"featured_media":93422,"comment_status":"open","ping_status":"closed","template":"","meta":{"_acf_changed":false},"product_cat":[93,150],"product_tag":[],"class_list":["post-93378","product","type-product","status-publish","has-post-thumbnail","hentry","product_cat-ansiedade","product_cat-bem-estar","rtwpvg-product"],"acf":[],"yoast_head":"<!-- This site is optimized with the Yoast SEO plugin v27.2 - https:\/\/yoast.com\/product\/yoast-seo-wordpress\/ -->\n<title>AnimaFort\u00ae Sleep | suplemento natural para dormir melhor<\/title>\n<meta name=\"description\" content=\"AnimaFort\u00ae Sleep \u00e9 um suplemento alimentar com tecnologia bicamada e liberta\u00e7\u00e3o em 4 fases que ajuda a conseguir um bom descanso \u2714\ufe0fEnv\u00edo em 24\/48h\" \/>\n<meta name=\"robots\" content=\"index, follow, max-snippet:-1, max-image-preview:large, max-video-preview:-1\" \/>\n<link rel=\"canonical\" href=\"https:\/\/laboratoriosniam.com\/pt\/produto\/animafort-sleep-melatonina-dormir\/\" \/>\n<meta property=\"og:locale\" content=\"pt_PT\" \/>\n<meta property=\"og:type\" content=\"article\" \/>\n<meta property=\"og:title\" content=\"AnimaFort\u00ae Sleep | suplemento natural para dormir melhor\" \/>\n<meta property=\"og:description\" content=\"AnimaFort\u00ae Sleep \u00e9 um suplemento alimentar com tecnologia bicamada e liberta\u00e7\u00e3o em 4 fases que ajuda a conseguir um bom descanso \u2714\ufe0fEnv\u00edo em 24\/48h\" \/>\n<meta property=\"og:url\" content=\"https:\/\/laboratoriosniam.com\/pt\/produto\/animafort-sleep-melatonina-dormir\/\" \/>\n<meta property=\"og:site_name\" content=\"Laborat\u00f3rios Niam Portugal\" \/>\n<meta property=\"article:modified_time\" content=\"2026-04-04T16:06:02+00:00\" \/>\n<meta property=\"og:image\" content=\"https:\/\/laboratoriosniam.com\/pt\/wp-content\/uploads\/2025\/08\/AnimaFort-Sleep-dormir.jpg\" \/>\n\t<meta property=\"og:image:width\" content=\"1024\" \/>\n\t<meta property=\"og:image:height\" content=\"1024\" \/>\n\t<meta property=\"og:image:type\" content=\"image\/jpeg\" \/>\n<meta name=\"twitter:card\" content=\"summary_large_image\" \/>\n<meta name=\"twitter:label1\" content=\"Tempo estimado de leitura\" \/>\n\t<meta name=\"twitter:data1\" content=\"1 minuto\" \/>\n<script type=\"application\/ld+json\" class=\"yoast-schema-graph\">{\"@context\":\"https:\/\/schema.org\",\"@graph\":[{\"@type\":\"WebPage\",\"@id\":\"https:\/\/laboratoriosniam.com\/pt\/produto\/animafort-sleep-melatonina-dormir\/\",\"url\":\"https:\/\/laboratoriosniam.com\/pt\/produto\/animafort-sleep-melatonina-dormir\/\",\"name\":\"AnimaFort\u00ae Sleep | suplemento natural para dormir melhor\",\"isPartOf\":{\"@id\":\"https:\/\/laboratoriosniam.com\/pt\/#website\"},\"primaryImageOfPage\":{\"@id\":\"https:\/\/laboratoriosniam.com\/pt\/produto\/animafort-sleep-melatonina-dormir\/#primaryimage\"},\"image\":{\"@id\":\"https:\/\/laboratoriosniam.com\/pt\/produto\/animafort-sleep-melatonina-dormir\/#primaryimage\"},\"thumbnailUrl\":\"https:\/\/laboratoriosniam.com\/pt\/wp-content\/uploads\/2025\/08\/AnimaFort-Sleep-dormir.jpg\",\"datePublished\":\"2025-08-18T08:06:19+00:00\",\"dateModified\":\"2026-04-04T16:06:02+00:00\",\"description\":\"AnimaFort\u00ae Sleep \u00e9 um suplemento alimentar com tecnologia bicamada e liberta\u00e7\u00e3o em 4 fases que ajuda a conseguir um bom descanso \u2714\ufe0fEnv\u00edo em 24\/48h\",\"breadcrumb\":{\"@id\":\"https:\/\/laboratoriosniam.com\/pt\/produto\/animafort-sleep-melatonina-dormir\/#breadcrumb\"},\"inLanguage\":\"pt-PT\",\"potentialAction\":[{\"@type\":\"ReadAction\",\"target\":[\"https:\/\/laboratoriosniam.com\/pt\/produto\/animafort-sleep-melatonina-dormir\/\"]}]},{\"@type\":\"ImageObject\",\"inLanguage\":\"pt-PT\",\"@id\":\"https:\/\/laboratoriosniam.com\/pt\/produto\/animafort-sleep-melatonina-dormir\/#primaryimage\",\"url\":\"https:\/\/laboratoriosniam.com\/pt\/wp-content\/uploads\/2025\/08\/AnimaFort-Sleep-dormir.jpg\",\"contentUrl\":\"https:\/\/laboratoriosniam.com\/pt\/wp-content\/uploads\/2025\/08\/AnimaFort-Sleep-dormir.jpg\",\"width\":1024,\"height\":1024,\"caption\":\"AnimaFort Sleep, suplemento alimentar com melatonina, valeriana, l\u00fapulo e a\u00e7afr\u00e3o\"},{\"@type\":\"BreadcrumbList\",\"@id\":\"https:\/\/laboratoriosniam.com\/pt\/produto\/animafort-sleep-melatonina-dormir\/#breadcrumb\",\"itemListElement\":[{\"@type\":\"ListItem\",\"position\":1,\"name\":\"In\u00edcio\",\"item\":\"https:\/\/laboratoriosniam.com\/pt\/\"},{\"@type\":\"ListItem\",\"position\":2,\"name\":\"Loja Online\",\"item\":\"https:\/\/laboratoriosniam.com\/pt\/loja-online\/\"},{\"@type\":\"ListItem\",\"position\":3,\"name\":\"Bem-estar\",\"item\":\"https:\/\/laboratoriosniam.com\/pt\/categoria-produto\/bem-estar\/\"},{\"@type\":\"ListItem\",\"position\":4,\"name\":\"AnimaFort\u00ae Sleep\"}]},{\"@type\":\"WebSite\",\"@id\":\"https:\/\/laboratoriosniam.com\/pt\/#website\",\"url\":\"https:\/\/laboratoriosniam.com\/pt\/\",\"name\":\"Laborat\u00f3rios Niam Portugal\",\"description\":\"Suplementos alimentares - efic\u00e1cia natural\",\"publisher\":{\"@id\":\"https:\/\/laboratoriosniam.com\/pt\/#organization\"},\"potentialAction\":[{\"@type\":\"SearchAction\",\"target\":{\"@type\":\"EntryPoint\",\"urlTemplate\":\"https:\/\/laboratoriosniam.com\/pt\/?s={search_term_string}\"},\"query-input\":{\"@type\":\"PropertyValueSpecification\",\"valueRequired\":true,\"valueName\":\"search_term_string\"}}],\"inLanguage\":\"pt-PT\"},{\"@type\":\"Organization\",\"@id\":\"https:\/\/laboratoriosniam.com\/pt\/#organization\",\"name\":\"Laboratorios NIAM\",\"url\":\"https:\/\/laboratoriosniam.com\/pt\/\",\"logo\":{\"@type\":\"ImageObject\",\"inLanguage\":\"pt-PT\",\"@id\":\"https:\/\/laboratoriosniam.com\/pt\/#\/schema\/logo\/image\/\",\"url\":\"\",\"contentUrl\":\"\",\"caption\":\"Laboratorios NIAM\"},\"image\":{\"@id\":\"https:\/\/laboratoriosniam.com\/pt\/#\/schema\/logo\/image\/\"}}]}<\/script>\n<!-- \/ Yoast SEO plugin. -->","yoast_head_json":{"title":"AnimaFort\u00ae Sleep | suplemento natural para dormir melhor","description":"AnimaFort\u00ae Sleep \u00e9 um suplemento alimentar com tecnologia bicamada e liberta\u00e7\u00e3o em 4 fases que ajuda a conseguir um bom descanso \u2714\ufe0fEnv\u00edo em 24\/48h","robots":{"index":"index","follow":"follow","max-snippet":"max-snippet:-1","max-image-preview":"max-image-preview:large","max-video-preview":"max-video-preview:-1"},"canonical":"https:\/\/laboratoriosniam.com\/pt\/produto\/animafort-sleep-melatonina-dormir\/","og_locale":"pt_PT","og_type":"article","og_title":"AnimaFort\u00ae Sleep | suplemento natural para dormir melhor","og_description":"AnimaFort\u00ae Sleep \u00e9 um suplemento alimentar com tecnologia bicamada e liberta\u00e7\u00e3o em 4 fases que ajuda a conseguir um bom descanso \u2714\ufe0fEnv\u00edo em 24\/48h","og_url":"https:\/\/laboratoriosniam.com\/pt\/produto\/animafort-sleep-melatonina-dormir\/","og_site_name":"Laborat\u00f3rios Niam Portugal","article_modified_time":"2026-04-04T16:06:02+00:00","og_image":[{"width":1024,"height":1024,"url":"https:\/\/laboratoriosniam.com\/pt\/wp-content\/uploads\/2025\/08\/AnimaFort-Sleep-dormir.jpg","type":"image\/jpeg"}],"twitter_card":"summary_large_image","twitter_misc":{"Tempo estimado de leitura":"1 minuto"},"schema":{"@context":"https:\/\/schema.org","@graph":[{"@type":"WebPage","@id":"https:\/\/laboratoriosniam.com\/pt\/produto\/animafort-sleep-melatonina-dormir\/","url":"https:\/\/laboratoriosniam.com\/pt\/produto\/animafort-sleep-melatonina-dormir\/","name":"AnimaFort\u00ae Sleep | suplemento natural para dormir melhor","isPartOf":{"@id":"https:\/\/laboratoriosniam.com\/pt\/#website"},"primaryImageOfPage":{"@id":"https:\/\/laboratoriosniam.com\/pt\/produto\/animafort-sleep-melatonina-dormir\/#primaryimage"},"image":{"@id":"https:\/\/laboratoriosniam.com\/pt\/produto\/animafort-sleep-melatonina-dormir\/#primaryimage"},"thumbnailUrl":"https:\/\/laboratoriosniam.com\/pt\/wp-content\/uploads\/2025\/08\/AnimaFort-Sleep-dormir.jpg","datePublished":"2025-08-18T08:06:19+00:00","dateModified":"2026-04-04T16:06:02+00:00","description":"AnimaFort\u00ae Sleep \u00e9 um suplemento alimentar com tecnologia bicamada e liberta\u00e7\u00e3o em 4 fases que ajuda a conseguir um bom descanso \u2714\ufe0fEnv\u00edo em 24\/48h","breadcrumb":{"@id":"https:\/\/laboratoriosniam.com\/pt\/produto\/animafort-sleep-melatonina-dormir\/#breadcrumb"},"inLanguage":"pt-PT","potentialAction":[{"@type":"ReadAction","target":["https:\/\/laboratoriosniam.com\/pt\/produto\/animafort-sleep-melatonina-dormir\/"]}]},{"@type":"ImageObject","inLanguage":"pt-PT","@id":"https:\/\/laboratoriosniam.com\/pt\/produto\/animafort-sleep-melatonina-dormir\/#primaryimage","url":"https:\/\/laboratoriosniam.com\/pt\/wp-content\/uploads\/2025\/08\/AnimaFort-Sleep-dormir.jpg","contentUrl":"https:\/\/laboratoriosniam.com\/pt\/wp-content\/uploads\/2025\/08\/AnimaFort-Sleep-dormir.jpg","width":1024,"height":1024,"caption":"AnimaFort Sleep, suplemento alimentar com melatonina, valeriana, l\u00fapulo e a\u00e7afr\u00e3o"},{"@type":"BreadcrumbList","@id":"https:\/\/laboratoriosniam.com\/pt\/produto\/animafort-sleep-melatonina-dormir\/#breadcrumb","itemListElement":[{"@type":"ListItem","position":1,"name":"In\u00edcio","item":"https:\/\/laboratoriosniam.com\/pt\/"},{"@type":"ListItem","position":2,"name":"Loja Online","item":"https:\/\/laboratoriosniam.com\/pt\/loja-online\/"},{"@type":"ListItem","position":3,"name":"Bem-estar","item":"https:\/\/laboratoriosniam.com\/pt\/categoria-produto\/bem-estar\/"},{"@type":"ListItem","position":4,"name":"AnimaFort\u00ae Sleep"}]},{"@type":"WebSite","@id":"https:\/\/laboratoriosniam.com\/pt\/#website","url":"https:\/\/laboratoriosniam.com\/pt\/","name":"Laborat\u00f3rios Niam Portugal","description":"Suplementos alimentares - efic\u00e1cia natural","publisher":{"@id":"https:\/\/laboratoriosniam.com\/pt\/#organization"},"potentialAction":[{"@type":"SearchAction","target":{"@type":"EntryPoint","urlTemplate":"https:\/\/laboratoriosniam.com\/pt\/?s={search_term_string}"},"query-input":{"@type":"PropertyValueSpecification","valueRequired":true,"valueName":"search_term_string"}}],"inLanguage":"pt-PT"},{"@type":"Organization","@id":"https:\/\/laboratoriosniam.com\/pt\/#organization","name":"Laboratorios NIAM","url":"https:\/\/laboratoriosniam.com\/pt\/","logo":{"@type":"ImageObject","inLanguage":"pt-PT","@id":"https:\/\/laboratoriosniam.com\/pt\/#\/schema\/logo\/image\/","url":"","contentUrl":"","caption":"Laboratorios NIAM"},"image":{"@id":"https:\/\/laboratoriosniam.com\/pt\/#\/schema\/logo\/image\/"}}]}},"_links":{"self":[{"href":"https:\/\/laboratoriosniam.com\/pt\/wp-json\/wp\/v2\/product\/93378","targetHints":{"allow":["GET"]}}],"collection":[{"href":"https:\/\/laboratoriosniam.com\/pt\/wp-json\/wp\/v2\/product"}],"about":[{"href":"https:\/\/laboratoriosniam.com\/pt\/wp-json\/wp\/v2\/types\/product"}],"replies":[{"embeddable":true,"href":"https:\/\/laboratoriosniam.com\/pt\/wp-json\/wp\/v2\/comments?post=93378"}],"wp:featuredmedia":[{"embeddable":true,"href":"https:\/\/laboratoriosniam.com\/pt\/wp-json\/wp\/v2\/media\/93422"}],"wp:attachment":[{"href":"https:\/\/laboratoriosniam.com\/pt\/wp-json\/wp\/v2\/media?parent=93378"}],"wp:term":[{"taxonomy":"product_cat","embeddable":true,"href":"https:\/\/laboratoriosniam.com\/pt\/wp-json\/wp\/v2\/product_cat?post=93378"},{"taxonomy":"product_tag","embeddable":true,"href":"https:\/\/laboratoriosniam.com\/pt\/wp-json\/wp\/v2\/product_tag?post=93378"}],"curies":[{"name":"wp","href":"https:\/\/api.w.org\/{rel}","templated":true}]}}